{"id":5974,"date":"2024-01-25T06:41:31","date_gmt":"2024-01-24T19:41:31","guid":{"rendered":"https:\/\/insa.network\/dev\/devenir-membre\/"},"modified":"2025-09-24T23:22:32","modified_gmt":"2025-09-24T12:22:32","slug":"devenir-membre","status":"publish","type":"page","link":"https:\/\/insa.network\/fr\/devenir-membre\/","title":{"rendered":"Devenir membre"},"content":{"rendered":"\t\t<div data-elementor-type=\"wp-page\" data-elementor-id=\"5974\" class=\"elementor elementor-5974 elementor-51\" data-elementor-post-type=\"page\">\n\t\t\t\t<div class=\"elementor-element elementor-element-35fa6c2 e-flex e-con-boxed e-con e-parent\" data-id=\"35fa6c2\" data-element_type=\"container\">\n\t\t\t\t\t<div class=\"e-con-inner\">\n\t\t<div class=\"elementor-element elementor-element-77a92a8 e-con-full e-flex e-con e-child\" data-id=\"77a92a8\" data-element_type=\"container\">\n\t\t\t\t<div class=\"elementor-element elementor-element-607d3cc elementor-widget elementor-widget-text-editor\" data-id=\"607d3cc\" data-element_type=\"widget\" data-widget_type=\"text-editor.default\">\n\t\t\t\t<div class=\"elementor-widget-container\">\n\t\t\t\t\t\t\t\t\t<p>Devenir membre de l\u2019INSA soutient le travail d\u2019une communaut\u00e9 internationale engag\u00e9e dans la promotion de la fr\u00e9quentation scolaire et la r\u00e9ponse \u00e0 l\u2019absent\u00e9isme.<\/p>\t\t\t\t\t\t\t\t<\/div>\n\t\t\t\t<\/div>\n\t\t\t\t<div class=\"elementor-element elementor-element-89324ae elementor-widget elementor-widget-heading\" data-id=\"89324ae\" data-element_type=\"widget\" data-widget_type=\"heading.default\">\n\t\t\t\t<div class=\"elementor-widget-container\">\n\t\t\t\t\t<h2 class=\"elementor-heading-title elementor-size-default\">Les membres re\u00e7oivent<\/h2>\t\t\t\t<\/div>\n\t\t\t\t<\/div>\n\t\t\t\t<div class=\"elementor-element elementor-element-a51d14e elementor-icon-list--layout-traditional elementor-list-item-link-full_width elementor-widget elementor-widget-icon-list\" data-id=\"a51d14e\" data-element_type=\"widget\" data-widget_type=\"icon-list.default\">\n\t\t\t\t<div class=\"elementor-widget-container\">\n\t\t\t\t\t\t\t<ul class=\"elementor-icon-list-items\">\n\t\t\t\t\t\t\t<li class=\"elementor-icon-list-item\">\n\t\t\t\t\t\t\t\t\t\t\t<span class=\"elementor-icon-list-icon\">\n\t\t\t\t\t\t\t<svg aria-hidden=\"true\" class=\"e-font-icon-svg e-fas-check-circle\" viewBox=\"0 0 512 512\" xmlns=\"http:\/\/www.w3.org\/2000\/svg\"><path d=\"M504 256c0 136.967-111.033 248-248 248S8 392.967 8 256 119.033 8 256 8s248 111.033 248 248zM227.314 387.314l184-184c6.248-6.248 6.248-16.379 0-22.627l-22.627-22.627c-6.248-6.249-16.379-6.249-22.628 0L216 308.118l-70.059-70.059c-6.248-6.248-16.379-6.248-22.628 0l-22.627 22.627c-6.248 6.248-6.248 16.379 0 22.627l104 104c6.249 6.249 16.379 6.249 22.628.001z\"><\/path><\/svg>\t\t\t\t\t\t<\/span>\n\t\t\t\t\t\t\t\t\t\t<span class=\"elementor-icon-list-text\">tarifs r\u00e9duits pour les \u00e9v\u00e9nements INSA,<\/span>\n\t\t\t\t\t\t\t\t\t<\/li>\n\t\t\t\t\t\t\t\t<li class=\"elementor-icon-list-item\">\n\t\t\t\t\t\t\t\t\t\t\t<span class=\"elementor-icon-list-icon\">\n\t\t\t\t\t\t\t<svg aria-hidden=\"true\" class=\"e-font-icon-svg e-fas-check-circle\" viewBox=\"0 0 512 512\" xmlns=\"http:\/\/www.w3.org\/2000\/svg\"><path d=\"M504 256c0 136.967-111.033 248-248 248S8 392.967 8 256 119.033 8 256 8s248 111.033 248 248zM227.314 387.314l184-184c6.248-6.248 6.248-16.379 0-22.627l-22.627-22.627c-6.248-6.249-16.379-6.249-22.628 0L216 308.118l-70.059-70.059c-6.248-6.248-16.379-6.248-22.628 0l-22.627 22.627c-6.248 6.248-6.248 16.379 0 22.627l104 104c6.249 6.249 16.379 6.249 22.628.001z\"><\/path><\/svg>\t\t\t\t\t\t<\/span>\n\t\t\t\t\t\t\t\t\t\t<span class=\"elementor-icon-list-text\">l\u2019acc\u00e8s \u00e0 des webinaires et \u00e0 du mat\u00e9riel vid\u00e9o,<\/span>\n\t\t\t\t\t\t\t\t\t<\/li>\n\t\t\t\t\t\t\t\t<li class=\"elementor-icon-list-item\">\n\t\t\t\t\t\t\t\t\t\t\t<span class=\"elementor-icon-list-icon\">\n\t\t\t\t\t\t\t<svg aria-hidden=\"true\" class=\"e-font-icon-svg e-fas-check-circle\" viewBox=\"0 0 512 512\" xmlns=\"http:\/\/www.w3.org\/2000\/svg\"><path d=\"M504 256c0 136.967-111.033 248-248 248S8 392.967 8 256 119.033 8 256 8s248 111.033 248 248zM227.314 387.314l184-184c6.248-6.248 6.248-16.379 0-22.627l-22.627-22.627c-6.248-6.249-16.379-6.249-22.628 0L216 308.118l-70.059-70.059c-6.248-6.248-16.379-6.248-22.628 0l-22.627 22.627c-6.248 6.248-6.248 16.379 0 22.627l104 104c6.249 6.249 16.379 6.249 22.628.001z\"><\/path><\/svg>\t\t\t\t\t\t<\/span>\n\t\t\t\t\t\t\t\t\t\t<span class=\"elementor-icon-list-text\">et l\u2019abonnement \u00e0 INStAnt&nbsp;!, la mise \u00e0 jour rapide et facile sur les probl\u00e8mes de participation et les activit\u00e9s.<\/span>\n\t\t\t\t\t\t\t\t\t<\/li>\n\t\t\t\t\t\t<\/ul>\n\t\t\t\t\t\t<\/div>\n\t\t\t\t<\/div>\n\t\t\t\t<div class=\"elementor-element elementor-element-ef8c0f2 elementor-widget elementor-widget-heading\" data-id=\"ef8c0f2\" data-element_type=\"widget\" data-widget_type=\"heading.default\">\n\t\t\t\t<div class=\"elementor-widget-container\">\n\t\t\t\t\t<h2 class=\"elementor-heading-title elementor-size-default\">Renouvellement de l\u2019adh\u00e9sion<\/h2>\t\t\t\t<\/div>\n\t\t\t\t<\/div>\n\t\t\t\t<div class=\"elementor-element elementor-element-069fcf3 elementor-widget elementor-widget-text-editor\" data-id=\"069fcf3\" data-element_type=\"widget\" data-widget_type=\"text-editor.default\">\n\t\t\t\t<div class=\"elementor-widget-container\">\n\t\t\t\t\t\t\t\t\t<p>Nous avons deux types d\u2019adh\u00e9sions : compl\u00e8te et \u00e9tudiante.<\/p><p>L\u2019adh\u00e9sion compl\u00e8te est de 150 $ AUD (environ <span style=\"font-family: Aptos, sans-serif; font-size: 12pt; color: var( --e-global-color-text ); font-weight: var( --e-global-typography-text-font-weight ); text-align: var(--text-align);\">9 \u20ac<\/span><span style=\"color: var( --e-global-color-text ); font-family: var( --e-global-typography-text-font-family ), Sans-serif; font-weight: var( --e-global-typography-text-font-weight ); text-align: var(--text-align); font-size: 1rem;\">0 et <\/span><span style=\"font-size: 12pt; line-height: 18.4px; font-family: Aptos, sans-serif;\">90 $US<\/span><span style=\"color: var( --e-global-color-text ); font-family: var( --e-global-typography-text-font-family ), Sans-serif; font-weight: var( --e-global-typography-text-font-weight ); text-align: var(--text-align); font-size: 1rem;\">).<\/span><\/p><p>L\u2019adh\u00e9sion \u00e9tudiante est disponible pour les \u00e9tudiants \u00e0 temps plein et co\u00fbte 50 AUD $ (environ <span style=\"font-family: Aptos, sans-serif; font-size: 12pt; color: var( --e-global-color-text ); font-weight: var( --e-global-typography-text-font-weight ); text-align: var(--text-align);\">3 \u20ac<\/span><span style=\"color: var( --e-global-color-text ); font-family: var( --e-global-typography-text-font-family ), Sans-serif; font-weight: var( --e-global-typography-text-font-weight ); text-align: var(--text-align); font-size: 1rem;\">0 et <\/span><span style=\"font-size: 12pt; line-height: 18.4px; font-family: Aptos, sans-serif;\">30 $US<\/span><span style=\"color: var( --e-global-color-text ); font-family: var( --e-global-typography-text-font-family ), Sans-serif; font-weight: var( --e-global-typography-text-font-weight ); text-align: var(--text-align); font-size: 1rem;\">). Une fois que vous vous \u00eates inscrit, veuillez envoyer par e-mail une preuve d\u2019inscription \u00e0 temps plein \u00e0 <a href=\"mailto:insanetwork24@gmail.com\">insanetwork24@gmail.com<\/a> <\/span><\/p><p>L\u2019achat d\u2019un abonnement vous donne un acc\u00e8s de 12 mois aux avantages du membre.<\/p><p>Anciens membres de l\u2019INSA ou en renouvellement de votre adh\u00e9sion, assurez-vous de cr\u00e9er une nouvelle adh\u00e9sion en cliquant sur le bouton Commencer ici.<\/p>\t\t\t\t\t\t\t\t<\/div>\n\t\t\t\t<\/div>\n\t\t\t\t<\/div>\n\t\t<div class=\"elementor-element elementor-element-d1adc97 e-con-full e-flex e-con e-child\" data-id=\"d1adc97\" data-element_type=\"container\">\n\t\t\t\t<div class=\"elementor-element elementor-element-d0a05be elementor-cta--skin-classic elementor-animated-content elementor-bg-transform elementor-bg-transform-zoom-in elementor-widget elementor-widget-call-to-action\" data-id=\"d0a05be\" data-element_type=\"widget\" data-widget_type=\"call-to-action.default\">\n\t\t\t\t<div class=\"elementor-widget-container\">\n\t\t\t\t\t\t\t<a class=\"elementor-cta\" href=\"https:\/\/insa.network\/dev\/membership-checkout\/?pmpro_level=1\">\n\t\t\t\t\t\t\t<div class=\"elementor-cta__content\">\n\t\t\t\t\n\t\t\t\t\t\t\t\t\t<h2 class=\"elementor-cta__title elementor-cta__content-item elementor-content-item\">\n\t\t\t\t\t\tS\u2019inscrire pour devenir membre\t\t\t\t\t<\/h2>\n\t\t\t\t\n\t\t\t\t\t\t\t\t\t<div class=\"elementor-cta__description elementor-cta__content-item elementor-content-item\">\n\t\t\t\t\t\tRejoignez-nous d\u00e8s maintenant et connectez-vous avec notre communaut\u00e9 internationale.\t\t\t\t\t<\/div>\n\t\t\t\t\n\t\t\t\t\t\t\t\t\t<div class=\"elementor-cta__button-wrapper elementor-cta__content-item elementor-content-item \">\n\t\t\t\t\t<span class=\"elementor-cta__button elementor-button elementor-size-xl\">\n\t\t\t\t\t\tCommencez ici\t\t\t\t\t<\/span>\n\t\t\t\t\t<\/div>\n\t\t\t\t\t\t\t<\/div>\n\t\t\t\t\t\t<\/a>\n\t\t\t\t\t\t<\/div>\n\t\t\t\t<\/div>\n\t\t\t\t<\/div>\n\t\t\t\t\t<\/div>\n\t\t\t\t<\/div>\n\t\t\t\t<\/div>\n\t\t","protected":false},"excerpt":{"rendered":"<p>Devenir membre de l\u2019INSA soutient le travail d\u2019une communaut\u00e9 internationale engag\u00e9e dans la promotion de la fr\u00e9quentation scolaire et la r\u00e9ponse \u00e0 l\u2019absent\u00e9isme. Les membres re\u00e7oivent tarifs r\u00e9duits pour les \u00e9v\u00e9nements INSA, l\u2019acc\u00e8s \u00e0 des webinaires et \u00e0 du mat\u00e9riel vid\u00e9o, et l\u2019abonnement \u00e0 INStAnt&nbsp;!, la mise \u00e0 jour rapide et facile sur les probl\u00e8mes [&hellip;]<\/p>\n","protected":false},"author":1,"featured_media":0,"parent":0,"menu_order":0,"comment_status":"closed","ping_status":"closed","template":"elementor_header_footer","meta":{"_acf_changed":false,"pmpro_default_level":"","footnotes":""},"class_list":["post-5974","page","type-page","status-publish","hentry","pmpro-has-access"],"acf":[],"yoast_head":"<!-- This site is optimized with the Yoast SEO plugin v26.9 - https:\/\/yoast.com\/product\/yoast-seo-wordpress\/ -->\n<title>INSA Network<\/title>\n<meta name=\"description\" content=\"Rejoignez l\u2019INSA pour des tarifs r\u00e9duits pour des \u00e9v\u00e9nements, des webinaires exclusifs et des mises \u00e0 jour sur la fr\u00e9quentation des \u00e9coles. Soutenez une mission mondiale de lutte contre l\u2019absent\u00e9isme. Inscrivez-vous!\" \/>\n<meta name=\"robots\" content=\"index, follow, max-snippet:-1, max-image-preview:large, max-video-preview:-1\" \/>\n<link rel=\"canonical\" href=\"https:\/\/insa.network\/becoming-a-member\/\" \/>\n<meta property=\"og:locale\" content=\"fr_FR\" \/>\n<meta property=\"og:type\" content=\"article\" \/>\n<meta property=\"og:description\" content=\"Rejoignez l\u2019INSA pour des tarifs r\u00e9duits pour des \u00e9v\u00e9nements, des webinaires exclusifs et des mises \u00e0 jour sur la fr\u00e9quentation des \u00e9coles. Soutenez une mission mondiale de lutte contre l\u2019absent\u00e9isme. Inscrivez-vous!\" \/>\n<meta property=\"og:url\" content=\"https:\/\/insa.network\/becoming-a-member\/\" \/>\n<meta property=\"og:site_name\" content=\"INSA Network\" \/>\n<meta property=\"article:modified_time\" content=\"2025-09-24T12:22:32+00:00\" \/>\n<meta name=\"twitter:card\" content=\"summary_large_image\" \/>\n<meta name=\"twitter:label1\" content=\"Dur\u00e9e de lecture estim\u00e9e\" \/>\n\t<meta name=\"twitter:data1\" content=\"1 minute\" \/>\n<script type=\"application\/ld+json\" class=\"yoast-schema-graph\">{\"@context\":\"https:\/\/schema.org\",\"@graph\":[{\"@type\":\"WebPage\",\"@id\":\"https:\/\/insa.network\/becoming-a-member\/\",\"url\":\"https:\/\/insa.network\/becoming-a-member\/\",\"name\":\"\",\"isPartOf\":{\"@id\":\"https:\/\/insa.network\/#website\"},\"datePublished\":\"2024-01-24T19:41:31+00:00\",\"dateModified\":\"2025-09-24T12:22:32+00:00\",\"description\":\"Rejoignez l\u2019INSA pour des tarifs r\u00e9duits pour des \u00e9v\u00e9nements, des webinaires exclusifs et des mises \u00e0 jour sur la fr\u00e9quentation des \u00e9coles. Soutenez une mission mondiale de lutte contre l\u2019absent\u00e9isme. Inscrivez-vous!\",\"breadcrumb\":{\"@id\":\"https:\/\/insa.network\/becoming-a-member\/#breadcrumb\"},\"inLanguage\":\"fr-FR\",\"potentialAction\":[{\"@type\":\"ReadAction\",\"target\":[\"https:\/\/insa.network\/becoming-a-member\/\"]}]},{\"@type\":\"BreadcrumbList\",\"@id\":\"https:\/\/insa.network\/becoming-a-member\/#breadcrumb\",\"itemListElement\":[{\"@type\":\"ListItem\",\"position\":1,\"name\":\"Home\",\"item\":\"https:\/\/insa.network\/\"},{\"@type\":\"ListItem\",\"position\":2,\"name\":\"Devenir membre\"}]},{\"@type\":\"WebSite\",\"@id\":\"https:\/\/insa.network\/#website\",\"url\":\"https:\/\/insa.network\/\",\"name\":\"Insa Network\",\"description\":\"\",\"publisher\":{\"@id\":\"https:\/\/insa.network\/#organization\"},\"potentialAction\":[{\"@type\":\"SearchAction\",\"target\":{\"@type\":\"EntryPoint\",\"urlTemplate\":\"https:\/\/insa.network\/?s={search_term_string}\"},\"query-input\":{\"@type\":\"PropertyValueSpecification\",\"valueRequired\":true,\"valueName\":\"search_term_string\"}}],\"inLanguage\":\"fr-FR\"},{\"@type\":\"Organization\",\"@id\":\"https:\/\/insa.network\/#organization\",\"name\":\"Insa Network\",\"url\":\"https:\/\/insa.network\/\",\"logo\":{\"@type\":\"ImageObject\",\"inLanguage\":\"fr-FR\",\"@id\":\"https:\/\/insa.network\/#\/schema\/logo\/image\/\",\"url\":\"https:\/\/insa.network\/cms\/wp-content\/uploads\/2024\/01\/kompas-logo2-klein2.webp\",\"contentUrl\":\"https:\/\/insa.network\/cms\/wp-content\/uploads\/2024\/01\/kompas-logo2-klein2.webp\",\"width\":136,\"height\":75,\"caption\":\"Insa Network\"},\"image\":{\"@id\":\"https:\/\/insa.network\/#\/schema\/logo\/image\/\"},\"sameAs\":[\"https:\/\/www.linkedin.com\/company\/international-network-for-school-attendance\/\"]}]}<\/script>\n<!-- \/ Yoast SEO plugin. -->","yoast_head_json":{"title":"INSA Network","description":"Rejoignez l\u2019INSA pour des tarifs r\u00e9duits pour des \u00e9v\u00e9nements, des webinaires exclusifs et des mises \u00e0 jour sur la fr\u00e9quentation des \u00e9coles. Soutenez une mission mondiale de lutte contre l\u2019absent\u00e9isme. Inscrivez-vous!","robots":{"index":"index","follow":"follow","max-snippet":"max-snippet:-1","max-image-preview":"max-image-preview:large","max-video-preview":"max-video-preview:-1"},"canonical":"https:\/\/insa.network\/becoming-a-member\/","og_locale":"fr_FR","og_type":"article","og_description":"Rejoignez l\u2019INSA pour des tarifs r\u00e9duits pour des \u00e9v\u00e9nements, des webinaires exclusifs et des mises \u00e0 jour sur la fr\u00e9quentation des \u00e9coles. Soutenez une mission mondiale de lutte contre l\u2019absent\u00e9isme. Inscrivez-vous!","og_url":"https:\/\/insa.network\/becoming-a-member\/","og_site_name":"INSA Network","article_modified_time":"2025-09-24T12:22:32+00:00","twitter_card":"summary_large_image","twitter_misc":{"Dur\u00e9e de lecture estim\u00e9e":"1 minute"},"schema":{"@context":"https:\/\/schema.org","@graph":[{"@type":"WebPage","@id":"https:\/\/insa.network\/becoming-a-member\/","url":"https:\/\/insa.network\/becoming-a-member\/","name":"","isPartOf":{"@id":"https:\/\/insa.network\/#website"},"datePublished":"2024-01-24T19:41:31+00:00","dateModified":"2025-09-24T12:22:32+00:00","description":"Rejoignez l\u2019INSA pour des tarifs r\u00e9duits pour des \u00e9v\u00e9nements, des webinaires exclusifs et des mises \u00e0 jour sur la fr\u00e9quentation des \u00e9coles. Soutenez une mission mondiale de lutte contre l\u2019absent\u00e9isme. Inscrivez-vous!","breadcrumb":{"@id":"https:\/\/insa.network\/becoming-a-member\/#breadcrumb"},"inLanguage":"fr-FR","potentialAction":[{"@type":"ReadAction","target":["https:\/\/insa.network\/becoming-a-member\/"]}]},{"@type":"BreadcrumbList","@id":"https:\/\/insa.network\/becoming-a-member\/#breadcrumb","itemListElement":[{"@type":"ListItem","position":1,"name":"Home","item":"https:\/\/insa.network\/"},{"@type":"ListItem","position":2,"name":"Devenir membre"}]},{"@type":"WebSite","@id":"https:\/\/insa.network\/#website","url":"https:\/\/insa.network\/","name":"Insa Network","description":"","publisher":{"@id":"https:\/\/insa.network\/#organization"},"potentialAction":[{"@type":"SearchAction","target":{"@type":"EntryPoint","urlTemplate":"https:\/\/insa.network\/?s={search_term_string}"},"query-input":{"@type":"PropertyValueSpecification","valueRequired":true,"valueName":"search_term_string"}}],"inLanguage":"fr-FR"},{"@type":"Organization","@id":"https:\/\/insa.network\/#organization","name":"Insa Network","url":"https:\/\/insa.network\/","logo":{"@type":"ImageObject","inLanguage":"fr-FR","@id":"https:\/\/insa.network\/#\/schema\/logo\/image\/","url":"https:\/\/insa.network\/cms\/wp-content\/uploads\/2024\/01\/kompas-logo2-klein2.webp","contentUrl":"https:\/\/insa.network\/cms\/wp-content\/uploads\/2024\/01\/kompas-logo2-klein2.webp","width":136,"height":75,"caption":"Insa Network"},"image":{"@id":"https:\/\/insa.network\/#\/schema\/logo\/image\/"},"sameAs":["https:\/\/www.linkedin.com\/company\/international-network-for-school-attendance\/"]}]}},"_links":{"self":[{"href":"https:\/\/insa.network\/fr\/wp-json\/wp\/v2\/pages\/5974","targetHints":{"allow":["GET"]}}],"collection":[{"href":"https:\/\/insa.network\/fr\/wp-json\/wp\/v2\/pages"}],"about":[{"href":"https:\/\/insa.network\/fr\/wp-json\/wp\/v2\/types\/page"}],"author":[{"embeddable":true,"href":"https:\/\/insa.network\/fr\/wp-json\/wp\/v2\/users\/1"}],"replies":[{"embeddable":true,"href":"https:\/\/insa.network\/fr\/wp-json\/wp\/v2\/comments?post=5974"}],"version-history":[{"count":1,"href":"https:\/\/insa.network\/fr\/wp-json\/wp\/v2\/pages\/5974\/revisions"}],"predecessor-version":[{"id":6482,"href":"https:\/\/insa.network\/fr\/wp-json\/wp\/v2\/pages\/5974\/revisions\/6482"}],"wp:attachment":[{"href":"https:\/\/insa.network\/fr\/wp-json\/wp\/v2\/media?parent=5974"}],"curies":[{"name":"wp","href":"https:\/\/api.w.org\/{rel}","templated":true}]}}