{"id":5956,"date":"2024-01-25T06:41:30","date_gmt":"2024-01-24T19:41:30","guid":{"rendered":"https:\/\/insa.network\/dev\/nos-membres\/"},"modified":"2025-09-24T23:22:24","modified_gmt":"2025-09-24T12:22:24","slug":"nos-membres","status":"publish","type":"page","link":"https:\/\/insa.network\/fr\/nos-membres\/","title":{"rendered":"Nos membres"},"content":{"rendered":"\t\t<div data-elementor-type=\"wp-page\" data-elementor-id=\"5956\" class=\"elementor elementor-5956 elementor-50\" data-elementor-post-type=\"page\">\n\t\t\t\t<div class=\"elementor-element elementor-element-e48707e e-flex e-con-boxed e-con e-parent\" data-id=\"e48707e\" data-element_type=\"container\">\n\t\t\t\t\t<div class=\"e-con-inner\">\n\t\t\t\t<div class=\"elementor-element elementor-element-cddd702 elementor-widget elementor-widget-image\" data-id=\"cddd702\" data-element_type=\"widget\" data-widget_type=\"image.default\">\n\t\t\t\t<div class=\"elementor-widget-container\">\n\t\t\t\t\t\t\t\t\t\t\t\t\t\t\t<img decoding=\"async\" src=\"https:\/\/insa.network\/dev\/wp-content\/uploads\/2024\/06\/Our-Members.png\" title=\"\" alt=\"\" loading=\"lazy\" \/>\t\t\t\t\t\t\t\t\t\t\t\t\t\t\t<\/div>\n\t\t\t\t<\/div>\n\t\t\t\t<div class=\"elementor-element elementor-element-7dd9035 elementor-widget elementor-widget-text-editor\" data-id=\"7dd9035\" data-element_type=\"widget\" data-widget_type=\"text-editor.default\">\n\t\t\t\t<div class=\"elementor-widget-container\">\n\t\t\t\t\t\t\t\t\t<p>Les informations sur l\u2019adh\u00e9sion se trouvent dans le menu principal des MEMBRES. L\u2019inscription \u00e0 l\u2019adh\u00e9sion est possible via <a href=\"https:\/\/insa.network\/dev\/becoming-a-member\/\" target=\"_blank\" rel=\"noopener\">DEVENIR MEMBRE<\/a>. Notre organisation internationale compte des membres d\u2019Australie, d\u2019Europe, du Royaume-Uni, d\u2019Irlande, d\u2019Am\u00e9rique du Nord et d\u2019Am\u00e9rique du Sud. Nous nous r\u00e9jouissons de vous accueillir \u00e0 l\u2019INSA et vous encourageons \u00e0 trouver votre r\u00e9seau local via les pages <a href=\"https:\/\/insa.network\/dev\/my-country\/\">Mon pays<\/a> .   <\/p>\t\t\t\t\t\t\t\t<\/div>\n\t\t\t\t<\/div>\n\t\t\t\t\t<\/div>\n\t\t\t\t<\/div>\n\t\t\t\t<\/div>\n\t\t","protected":false},"excerpt":{"rendered":"<p>Les informations sur l\u2019adh\u00e9sion se trouvent dans le menu principal des MEMBRES. L\u2019inscription \u00e0 l\u2019adh\u00e9sion est possible via DEVENIR MEMBRE. Notre organisation internationale compte des membres d\u2019Australie, d\u2019Europe, du Royaume-Uni, d\u2019Irlande, d\u2019Am\u00e9rique du Nord et d\u2019Am\u00e9rique du Sud. Nous nous r\u00e9jouissons de vous accueillir \u00e0 l\u2019INSA et vous encourageons \u00e0 trouver votre r\u00e9seau local via [&hellip;]<\/p>\n","protected":false},"author":1,"featured_media":0,"parent":0,"menu_order":0,"comment_status":"closed","ping_status":"closed","template":"elementor_header_footer","meta":{"_acf_changed":false,"pmpro_default_level":"","footnotes":""},"class_list":["post-5956","page","type-page","status-publish","hentry","pmpro-has-access"],"acf":[],"yoast_head":"<!-- This site is optimized with the Yoast SEO plugin v26.9 - https:\/\/yoast.com\/product\/yoast-seo-wordpress\/ -->\n<title>INSA Network<\/title>\n<meta name=\"description\" content=\"Visitez cette page pour voir une liste de nos membres actuels.\" \/>\n<meta name=\"robots\" content=\"index, follow, max-snippet:-1, max-image-preview:large, max-video-preview:-1\" \/>\n<link rel=\"canonical\" href=\"https:\/\/insa.network\/our-members\/\" \/>\n<meta property=\"og:locale\" content=\"fr_FR\" \/>\n<meta property=\"og:type\" content=\"article\" \/>\n<meta property=\"og:description\" content=\"Visitez cette page pour voir une liste de nos membres actuels.\" \/>\n<meta property=\"og:url\" content=\"https:\/\/insa.network\/our-members\/\" \/>\n<meta property=\"og:site_name\" content=\"INSA Network\" \/>\n<meta property=\"article:modified_time\" content=\"2025-09-24T12:22:24+00:00\" \/>\n<meta property=\"og:image\" content=\"https:\/\/insa.network\/cms\/wp-content\/uploads\/2024\/06\/Our-Members.png\" \/>\n<meta name=\"twitter:card\" content=\"summary_large_image\" \/>\n<script type=\"application\/ld+json\" class=\"yoast-schema-graph\">{\"@context\":\"https:\/\/schema.org\",\"@graph\":[{\"@type\":\"WebPage\",\"@id\":\"https:\/\/insa.network\/our-members\/\",\"url\":\"https:\/\/insa.network\/our-members\/\",\"name\":\"\",\"isPartOf\":{\"@id\":\"https:\/\/insa.network\/#website\"},\"primaryImageOfPage\":{\"@id\":\"https:\/\/insa.network\/our-members\/#primaryimage\"},\"image\":{\"@id\":\"https:\/\/insa.network\/our-members\/#primaryimage\"},\"thumbnailUrl\":\"https:\/\/insa.network\/cms\/wp-content\/uploads\/2024\/06\/Our-Members.png\",\"datePublished\":\"2024-01-24T19:41:30+00:00\",\"dateModified\":\"2025-09-24T12:22:24+00:00\",\"description\":\"Visitez cette page pour voir une liste de nos membres actuels.\",\"breadcrumb\":{\"@id\":\"https:\/\/insa.network\/our-members\/#breadcrumb\"},\"inLanguage\":\"fr-FR\",\"potentialAction\":[{\"@type\":\"ReadAction\",\"target\":[\"https:\/\/insa.network\/our-members\/\"]}]},{\"@type\":\"ImageObject\",\"inLanguage\":\"fr-FR\",\"@id\":\"https:\/\/insa.network\/our-members\/#primaryimage\",\"url\":\"https:\/\/insa.network\/cms\/wp-content\/uploads\/2024\/06\/Our-Members.png\",\"contentUrl\":\"https:\/\/insa.network\/cms\/wp-content\/uploads\/2024\/06\/Our-Members.png\"},{\"@type\":\"BreadcrumbList\",\"@id\":\"https:\/\/insa.network\/our-members\/#breadcrumb\",\"itemListElement\":[{\"@type\":\"ListItem\",\"position\":1,\"name\":\"Home\",\"item\":\"https:\/\/insa.network\/\"},{\"@type\":\"ListItem\",\"position\":2,\"name\":\"Nos membres\"}]},{\"@type\":\"WebSite\",\"@id\":\"https:\/\/insa.network\/#website\",\"url\":\"https:\/\/insa.network\/\",\"name\":\"Insa Network\",\"description\":\"\",\"publisher\":{\"@id\":\"https:\/\/insa.network\/#organization\"},\"potentialAction\":[{\"@type\":\"SearchAction\",\"target\":{\"@type\":\"EntryPoint\",\"urlTemplate\":\"https:\/\/insa.network\/?s={search_term_string}\"},\"query-input\":{\"@type\":\"PropertyValueSpecification\",\"valueRequired\":true,\"valueName\":\"search_term_string\"}}],\"inLanguage\":\"fr-FR\"},{\"@type\":\"Organization\",\"@id\":\"https:\/\/insa.network\/#organization\",\"name\":\"Insa Network\",\"url\":\"https:\/\/insa.network\/\",\"logo\":{\"@type\":\"ImageObject\",\"inLanguage\":\"fr-FR\",\"@id\":\"https:\/\/insa.network\/#\/schema\/logo\/image\/\",\"url\":\"https:\/\/insa.network\/cms\/wp-content\/uploads\/2024\/01\/kompas-logo2-klein2.webp\",\"contentUrl\":\"https:\/\/insa.network\/cms\/wp-content\/uploads\/2024\/01\/kompas-logo2-klein2.webp\",\"width\":136,\"height\":75,\"caption\":\"Insa Network\"},\"image\":{\"@id\":\"https:\/\/insa.network\/#\/schema\/logo\/image\/\"},\"sameAs\":[\"https:\/\/www.linkedin.com\/company\/international-network-for-school-attendance\/\"]}]}<\/script>\n<!-- \/ Yoast SEO plugin. -->","yoast_head_json":{"title":"INSA Network","description":"Visitez cette page pour voir une liste de nos membres actuels.","robots":{"index":"index","follow":"follow","max-snippet":"max-snippet:-1","max-image-preview":"max-image-preview:large","max-video-preview":"max-video-preview:-1"},"canonical":"https:\/\/insa.network\/our-members\/","og_locale":"fr_FR","og_type":"article","og_description":"Visitez cette page pour voir une liste de nos membres actuels.","og_url":"https:\/\/insa.network\/our-members\/","og_site_name":"INSA Network","article_modified_time":"2025-09-24T12:22:24+00:00","og_image":[{"url":"https:\/\/insa.network\/cms\/wp-content\/uploads\/2024\/06\/Our-Members.png","type":"","width":"","height":""}],"twitter_card":"summary_large_image","schema":{"@context":"https:\/\/schema.org","@graph":[{"@type":"WebPage","@id":"https:\/\/insa.network\/our-members\/","url":"https:\/\/insa.network\/our-members\/","name":"","isPartOf":{"@id":"https:\/\/insa.network\/#website"},"primaryImageOfPage":{"@id":"https:\/\/insa.network\/our-members\/#primaryimage"},"image":{"@id":"https:\/\/insa.network\/our-members\/#primaryimage"},"thumbnailUrl":"https:\/\/insa.network\/cms\/wp-content\/uploads\/2024\/06\/Our-Members.png","datePublished":"2024-01-24T19:41:30+00:00","dateModified":"2025-09-24T12:22:24+00:00","description":"Visitez cette page pour voir une liste de nos membres actuels.","breadcrumb":{"@id":"https:\/\/insa.network\/our-members\/#breadcrumb"},"inLanguage":"fr-FR","potentialAction":[{"@type":"ReadAction","target":["https:\/\/insa.network\/our-members\/"]}]},{"@type":"ImageObject","inLanguage":"fr-FR","@id":"https:\/\/insa.network\/our-members\/#primaryimage","url":"https:\/\/insa.network\/cms\/wp-content\/uploads\/2024\/06\/Our-Members.png","contentUrl":"https:\/\/insa.network\/cms\/wp-content\/uploads\/2024\/06\/Our-Members.png"},{"@type":"BreadcrumbList","@id":"https:\/\/insa.network\/our-members\/#breadcrumb","itemListElement":[{"@type":"ListItem","position":1,"name":"Home","item":"https:\/\/insa.network\/"},{"@type":"ListItem","position":2,"name":"Nos membres"}]},{"@type":"WebSite","@id":"https:\/\/insa.network\/#website","url":"https:\/\/insa.network\/","name":"Insa Network","description":"","publisher":{"@id":"https:\/\/insa.network\/#organization"},"potentialAction":[{"@type":"SearchAction","target":{"@type":"EntryPoint","urlTemplate":"https:\/\/insa.network\/?s={search_term_string}"},"query-input":{"@type":"PropertyValueSpecification","valueRequired":true,"valueName":"search_term_string"}}],"inLanguage":"fr-FR"},{"@type":"Organization","@id":"https:\/\/insa.network\/#organization","name":"Insa Network","url":"https:\/\/insa.network\/","logo":{"@type":"ImageObject","inLanguage":"fr-FR","@id":"https:\/\/insa.network\/#\/schema\/logo\/image\/","url":"https:\/\/insa.network\/cms\/wp-content\/uploads\/2024\/01\/kompas-logo2-klein2.webp","contentUrl":"https:\/\/insa.network\/cms\/wp-content\/uploads\/2024\/01\/kompas-logo2-klein2.webp","width":136,"height":75,"caption":"Insa Network"},"image":{"@id":"https:\/\/insa.network\/#\/schema\/logo\/image\/"},"sameAs":["https:\/\/www.linkedin.com\/company\/international-network-for-school-attendance\/"]}]}},"_links":{"self":[{"href":"https:\/\/insa.network\/fr\/wp-json\/wp\/v2\/pages\/5956","targetHints":{"allow":["GET"]}}],"collection":[{"href":"https:\/\/insa.network\/fr\/wp-json\/wp\/v2\/pages"}],"about":[{"href":"https:\/\/insa.network\/fr\/wp-json\/wp\/v2\/types\/page"}],"author":[{"embeddable":true,"href":"https:\/\/insa.network\/fr\/wp-json\/wp\/v2\/users\/1"}],"replies":[{"embeddable":true,"href":"https:\/\/insa.network\/fr\/wp-json\/wp\/v2\/comments?post=5956"}],"version-history":[{"count":1,"href":"https:\/\/insa.network\/fr\/wp-json\/wp\/v2\/pages\/5956\/revisions"}],"predecessor-version":[{"id":6465,"href":"https:\/\/insa.network\/fr\/wp-json\/wp\/v2\/pages\/5956\/revisions\/6465"}],"wp:attachment":[{"href":"https:\/\/insa.network\/fr\/wp-json\/wp\/v2\/media?parent=5956"}],"curies":[{"name":"wp","href":"https:\/\/api.w.org\/{rel}","templated":true}]}}