{"id":5793,"date":"2024-10-03T05:14:22","date_gmt":"2024-10-02T18:14:22","guid":{"rendered":"https:\/\/insa.network\/dev\/conferences-des-membres\/"},"modified":"2025-09-24T23:23:00","modified_gmt":"2025-09-24T12:23:00","slug":"conferences-des-membres","status":"publish","type":"page","link":"https:\/\/insa.network\/fr\/conferences-des-membres\/","title":{"rendered":"Conf\u00e9rences des membres"},"content":{"rendered":"\t\t<div data-elementor-type=\"wp-page\" data-elementor-id=\"5793\" class=\"elementor elementor-5793 elementor-3648\" data-elementor-post-type=\"page\">\n\t\t\t\t<div class=\"elementor-element elementor-element-abf710f e-con-full e-flex e-con e-parent\" data-id=\"abf710f\" data-element_type=\"container\">\n\t\t<div class=\"elementor-element elementor-element-60daad5 e-con-full e-flex e-con e-child\" data-id=\"60daad5\" data-element_type=\"container\" data-settings=\"{&quot;background_background&quot;:&quot;classic&quot;}\">\n\t\t\t\t<div class=\"elementor-element elementor-element-85a6f3c elementor-position-top elementor-widget elementor-widget-image-box\" data-id=\"85a6f3c\" data-element_type=\"widget\" data-widget_type=\"image-box.default\">\n\t\t\t\t<div class=\"elementor-widget-container\">\n\t\t\t\t\t<div class=\"elementor-image-box-wrapper\"><figure class=\"elementor-image-box-img\"><img decoding=\"async\" src=\"https:\/\/insa.network\/dev\/wp-content\/uploads\/2022\/06\/Conference-2022.png\" title=\"\" alt=\"\" loading=\"lazy\" \/><\/figure><div class=\"elementor-image-box-content\"><h3 class=\"elementor-image-box-title\">Conf\u00e9rence 2022<\/h3><p class=\"elementor-image-box-description\">Notre conf\u00e9rence 2022 a eu lieu en octobre 2022 aux Pays-Bas. Le th\u00e8me de la conf\u00e9rence \u00e9tait \u00ab Faire des vagues pour faire progresser la fr\u00e9quentation scolaire \u00bb. <\/p><\/div><\/div>\t\t\t\t<\/div>\n\t\t\t\t<\/div>\n\t\t\t\t<div class=\"elementor-element elementor-element-11e474a elementor-align-center elementor-widget elementor-widget-button\" data-id=\"11e474a\" data-element_type=\"widget\" data-widget_type=\"button.default\">\n\t\t\t\t<div class=\"elementor-widget-container\">\n\t\t\t\t\t\t\t\t\t<div class=\"elementor-button-wrapper\">\n\t\t\t\t\t<a class=\"elementor-button elementor-button-link elementor-size-sm\" href=\"https:\/\/insa.network\/fr\/membres-conference-2022\/\" target=\"_blank\">\n\t\t\t\t\t\t<span class=\"elementor-button-content-wrapper\">\n\t\t\t\t\t\t<span class=\"elementor-button-icon\">\n\t\t\t\t<svg aria-hidden=\"true\" class=\"e-font-icon-svg e-far-arrow-alt-circle-right\" viewBox=\"0 0 512 512\" xmlns=\"http:\/\/www.w3.org\/2000\/svg\"><path d=\"M504 256C504 119 393 8 256 8S8 119 8 256s111 248 248 248 248-111 248-248zm-448 0c0-110.5 89.5-200 200-200s200 89.5 200 200-89.5 200-200 200S56 366.5 56 256zm72 20v-40c0-6.6 5.4-12 12-12h116v-67c0-10.7 12.9-16 20.5-8.5l99 99c4.7 4.7 4.7 12.3 0 17l-99 99c-7.6 7.6-20.5 2.2-20.5-8.5v-67H140c-6.6 0-12-5.4-12-12z\"><\/path><\/svg>\t\t\t<\/span>\n\t\t\t\t\t\t\t\t\t<span class=\"elementor-button-text\">Voir ici<\/span>\n\t\t\t\t\t<\/span>\n\t\t\t\t\t<\/a>\n\t\t\t\t<\/div>\n\t\t\t\t\t\t\t\t<\/div>\n\t\t\t\t<\/div>\n\t\t\t\t<\/div>\n\t\t<div class=\"elementor-element elementor-element-3f9a356 e-con-full e-flex e-con e-child\" data-id=\"3f9a356\" data-element_type=\"container\">\n\t\t\t\t<div class=\"elementor-element elementor-element-a4b1f95 elementor-position-top elementor-widget elementor-widget-image-box\" data-id=\"a4b1f95\" data-element_type=\"widget\" data-widget_type=\"image-box.default\">\n\t\t\t\t<div class=\"elementor-widget-container\">\n\t\t\t\t\t<div class=\"elementor-image-box-wrapper\"><figure class=\"elementor-image-box-img\"><img decoding=\"async\" src=\"https:\/\/insa.network\/dev\/wp-content\/uploads\/2021\/06\/Conference-2021.png\" title=\"\" alt=\"\" loading=\"lazy\" \/><\/figure><div class=\"elementor-image-box-content\"><h3 class=\"elementor-image-box-title\">Conf\u00e9rence 2021<\/h3><p class=\"elementor-image-box-description\">Notre conf\u00e9rence 2021 a eu lieu les 13 et 14 octobre 2021, organis\u00e9e en ligne depuis Melbourne, en Australie. La conf\u00e9rence \u00e9tait un \u00e9v\u00e9nement interdisciplinaire qui a rassembl\u00e9 des praticiens, des d\u00e9fenseurs, des chercheurs, des universitaires, des \u00e9ducateurs et d\u2019autres parties prenantes de divers domaines, notamment l\u2019\u00e9ducation, la psychologie, la sociologie, le travail social, la justice juv\u00e9nile, la psychiatrie et la politique. <\/p><\/div><\/div>\t\t\t\t<\/div>\n\t\t\t\t<\/div>\n\t\t\t\t<div class=\"elementor-element elementor-element-f4d6361 elementor-align-center elementor-widget elementor-widget-button\" data-id=\"f4d6361\" data-element_type=\"widget\" data-widget_type=\"button.default\">\n\t\t\t\t<div class=\"elementor-widget-container\">\n\t\t\t\t\t\t\t\t\t<div class=\"elementor-button-wrapper\">\n\t\t\t\t\t<a class=\"elementor-button elementor-button-link elementor-size-sm\" href=\"https:\/\/insa.network\/fr\/membres-conference-2021\/\" target=\"_blank\">\n\t\t\t\t\t\t<span class=\"elementor-button-content-wrapper\">\n\t\t\t\t\t\t<span class=\"elementor-button-icon\">\n\t\t\t\t<svg aria-hidden=\"true\" class=\"e-font-icon-svg e-far-arrow-alt-circle-right\" viewBox=\"0 0 512 512\" xmlns=\"http:\/\/www.w3.org\/2000\/svg\"><path d=\"M504 256C504 119 393 8 256 8S8 119 8 256s111 248 248 248 248-111 248-248zm-448 0c0-110.5 89.5-200 200-200s200 89.5 200 200-89.5 200-200 200S56 366.5 56 256zm72 20v-40c0-6.6 5.4-12 12-12h116v-67c0-10.7 12.9-16 20.5-8.5l99 99c4.7 4.7 4.7 12.3 0 17l-99 99c-7.6 7.6-20.5 2.2-20.5-8.5v-67H140c-6.6 0-12-5.4-12-12z\"><\/path><\/svg>\t\t\t<\/span>\n\t\t\t\t\t\t\t\t\t<span class=\"elementor-button-text\">Voir ici<\/span>\n\t\t\t\t\t<\/span>\n\t\t\t\t\t<\/a>\n\t\t\t\t<\/div>\n\t\t\t\t\t\t\t\t<\/div>\n\t\t\t\t<\/div>\n\t\t\t\t<\/div>\n\t\t<div class=\"elementor-element elementor-element-1899aaf e-con-full e-flex e-con e-child\" data-id=\"1899aaf\" data-element_type=\"container\" data-settings=\"{&quot;background_background&quot;:&quot;classic&quot;}\">\n\t\t\t\t<div class=\"elementor-element elementor-element-bfe4a7d elementor-position-top elementor-widget elementor-widget-image-box\" data-id=\"bfe4a7d\" data-element_type=\"widget\" data-widget_type=\"image-box.default\">\n\t\t\t\t<div class=\"elementor-widget-container\">\n\t\t\t\t\t<div class=\"elementor-image-box-wrapper\"><figure class=\"elementor-image-box-img\"><img decoding=\"async\" src=\"https:\/\/insa.network\/dev\/wp-content\/uploads\/2024\/01\/business-discussion.webp\" title=\"\" alt=\"\" loading=\"lazy\" \/><\/figure><div class=\"elementor-image-box-content\"><h3 class=\"elementor-image-box-title\">Conf\u00e9rence 2019<\/h3><p class=\"elementor-image-box-description\">La conf\u00e9rence inaugurale de l\u2019INSA s\u2019est tenue du 16 au 18 octobre 2019 \u00e0 Oslo, en Norv\u00e8ge.  <\/p><\/div><\/div>\t\t\t\t<\/div>\n\t\t\t\t<\/div>\n\t\t\t\t<div class=\"elementor-element elementor-element-c299731 elementor-align-center elementor-widget elementor-widget-button\" data-id=\"c299731\" data-element_type=\"widget\" data-widget_type=\"button.default\">\n\t\t\t\t<div class=\"elementor-widget-container\">\n\t\t\t\t\t\t\t\t\t<div class=\"elementor-button-wrapper\">\n\t\t\t\t\t<a class=\"elementor-button elementor-button-link elementor-size-sm\" href=\"https:\/\/insa.network\/fr\/membres-conference-2019\/\" target=\"_blank\">\n\t\t\t\t\t\t<span class=\"elementor-button-content-wrapper\">\n\t\t\t\t\t\t<span class=\"elementor-button-icon\">\n\t\t\t\t<svg aria-hidden=\"true\" class=\"e-font-icon-svg e-far-arrow-alt-circle-right\" viewBox=\"0 0 512 512\" xmlns=\"http:\/\/www.w3.org\/2000\/svg\"><path d=\"M504 256C504 119 393 8 256 8S8 119 8 256s111 248 248 248 248-111 248-248zm-448 0c0-110.5 89.5-200 200-200s200 89.5 200 200-89.5 200-200 200S56 366.5 56 256zm72 20v-40c0-6.6 5.4-12 12-12h116v-67c0-10.7 12.9-16 20.5-8.5l99 99c4.7 4.7 4.7 12.3 0 17l-99 99c-7.6 7.6-20.5 2.2-20.5-8.5v-67H140c-6.6 0-12-5.4-12-12z\"><\/path><\/svg>\t\t\t<\/span>\n\t\t\t\t\t\t\t\t\t<span class=\"elementor-button-text\">Voir ici<\/span>\n\t\t\t\t\t<\/span>\n\t\t\t\t\t<\/a>\n\t\t\t\t<\/div>\n\t\t\t\t\t\t\t\t<\/div>\n\t\t\t\t<\/div>\n\t\t\t\t<\/div>\n\t\t\t\t<\/div>\n\t\t\t\t<\/div>\n\t\t","protected":false},"excerpt":{"rendered":"<p>Conf\u00e9rence 2022 Notre conf\u00e9rence 2022 a eu lieu en octobre 2022 aux Pays-Bas. Le th\u00e8me de la conf\u00e9rence \u00e9tait \u00ab Faire des vagues pour faire progresser la fr\u00e9quentation scolaire \u00bb. Voir ici Conf\u00e9rence 2021 Notre conf\u00e9rence 2021 a eu lieu les 13 et 14 octobre 2021, organis\u00e9e en ligne depuis Melbourne, en Australie. La conf\u00e9rence [&hellip;]<\/p>\n","protected":false},"author":1,"featured_media":0,"parent":0,"menu_order":0,"comment_status":"closed","ping_status":"closed","template":"elementor_header_footer","meta":{"_acf_changed":false,"pmpro_default_level":"","footnotes":""},"class_list":["post-5793","page","type-page","status-publish","hentry","pmpro-has-access"],"acf":[],"yoast_head":"<!-- This site is optimized with the Yoast SEO plugin v26.9 - https:\/\/yoast.com\/product\/yoast-seo-wordpress\/ -->\n<title>Conf\u00e9rences des membres - INSA Network<\/title>\n<meta name=\"robots\" content=\"noindex, nofollow\" \/>\n<meta property=\"og:locale\" content=\"fr_FR\" \/>\n<meta property=\"og:type\" content=\"article\" \/>\n<meta property=\"og:title\" content=\"Conf\u00e9rences des membres - INSA Network\" \/>\n<meta property=\"og:description\" content=\"Conf\u00e9rence 2022 Notre conf\u00e9rence 2022 a eu lieu en octobre 2022 aux Pays-Bas. Le th\u00e8me de la conf\u00e9rence \u00e9tait \u00ab Faire des vagues pour faire progresser la fr\u00e9quentation scolaire \u00bb. Voir ici Conf\u00e9rence 2021 Notre conf\u00e9rence 2021 a eu lieu les 13 et 14 octobre 2021, organis\u00e9e en ligne depuis Melbourne, en Australie. La conf\u00e9rence [&hellip;]\" \/>\n<meta property=\"og:url\" content=\"https:\/\/insa.network\/member-conferences\/\" \/>\n<meta property=\"og:site_name\" content=\"INSA Network\" \/>\n<meta property=\"article:modified_time\" content=\"2025-09-24T12:23:00+00:00\" \/>\n<meta property=\"og:image\" content=\"https:\/\/insa.network\/cms\/wp-content\/uploads\/2022\/06\/Conference-2022.png\" \/>\n<meta name=\"twitter:card\" content=\"summary_large_image\" \/>\n<meta name=\"twitter:label1\" content=\"Dur\u00e9e de lecture estim\u00e9e\" \/>\n\t<meta name=\"twitter:data1\" content=\"1 minute\" \/>\n<script type=\"application\/ld+json\" class=\"yoast-schema-graph\">{\"@context\":\"https:\/\/schema.org\",\"@graph\":[{\"@type\":\"WebPage\",\"@id\":\"https:\/\/insa.network\/member-conferences\/\",\"url\":\"https:\/\/insa.network\/member-conferences\/\",\"name\":\"Conf\u00e9rences des membres - INSA Network\",\"isPartOf\":{\"@id\":\"https:\/\/insa.network\/#website\"},\"primaryImageOfPage\":{\"@id\":\"https:\/\/insa.network\/member-conferences\/#primaryimage\"},\"image\":{\"@id\":\"https:\/\/insa.network\/member-conferences\/#primaryimage\"},\"thumbnailUrl\":\"https:\/\/insa.network\/cms\/wp-content\/uploads\/2022\/06\/Conference-2022.png\",\"datePublished\":\"2024-10-02T18:14:22+00:00\",\"dateModified\":\"2025-09-24T12:23:00+00:00\",\"breadcrumb\":{\"@id\":\"https:\/\/insa.network\/member-conferences\/#breadcrumb\"},\"inLanguage\":\"fr-FR\",\"potentialAction\":[{\"@type\":\"ReadAction\",\"target\":[\"https:\/\/insa.network\/member-conferences\/\"]}]},{\"@type\":\"ImageObject\",\"inLanguage\":\"fr-FR\",\"@id\":\"https:\/\/insa.network\/member-conferences\/#primaryimage\",\"url\":\"https:\/\/insa.network\/cms\/wp-content\/uploads\/2022\/06\/Conference-2022.png\",\"contentUrl\":\"https:\/\/insa.network\/cms\/wp-content\/uploads\/2022\/06\/Conference-2022.png\"},{\"@type\":\"BreadcrumbList\",\"@id\":\"https:\/\/insa.network\/member-conferences\/#breadcrumb\",\"itemListElement\":[{\"@type\":\"ListItem\",\"position\":1,\"name\":\"Home\",\"item\":\"https:\/\/insa.network\/\"},{\"@type\":\"ListItem\",\"position\":2,\"name\":\"Conf\u00e9rences des membres\"}]},{\"@type\":\"WebSite\",\"@id\":\"https:\/\/insa.network\/#website\",\"url\":\"https:\/\/insa.network\/\",\"name\":\"Insa Network\",\"description\":\"\",\"publisher\":{\"@id\":\"https:\/\/insa.network\/#organization\"},\"potentialAction\":[{\"@type\":\"SearchAction\",\"target\":{\"@type\":\"EntryPoint\",\"urlTemplate\":\"https:\/\/insa.network\/?s={search_term_string}\"},\"query-input\":{\"@type\":\"PropertyValueSpecification\",\"valueRequired\":true,\"valueName\":\"search_term_string\"}}],\"inLanguage\":\"fr-FR\"},{\"@type\":\"Organization\",\"@id\":\"https:\/\/insa.network\/#organization\",\"name\":\"Insa Network\",\"url\":\"https:\/\/insa.network\/\",\"logo\":{\"@type\":\"ImageObject\",\"inLanguage\":\"fr-FR\",\"@id\":\"https:\/\/insa.network\/#\/schema\/logo\/image\/\",\"url\":\"https:\/\/insa.network\/cms\/wp-content\/uploads\/2024\/01\/kompas-logo2-klein2.webp\",\"contentUrl\":\"https:\/\/insa.network\/cms\/wp-content\/uploads\/2024\/01\/kompas-logo2-klein2.webp\",\"width\":136,\"height\":75,\"caption\":\"Insa Network\"},\"image\":{\"@id\":\"https:\/\/insa.network\/#\/schema\/logo\/image\/\"},\"sameAs\":[\"https:\/\/www.linkedin.com\/company\/international-network-for-school-attendance\/\"]}]}<\/script>\n<!-- \/ Yoast SEO plugin. -->","yoast_head_json":{"title":"Conf\u00e9rences des membres - INSA Network","robots":{"index":"noindex","follow":"nofollow"},"og_locale":"fr_FR","og_type":"article","og_title":"Conf\u00e9rences des membres - INSA Network","og_description":"Conf\u00e9rence 2022 Notre conf\u00e9rence 2022 a eu lieu en octobre 2022 aux Pays-Bas. Le th\u00e8me de la conf\u00e9rence \u00e9tait \u00ab Faire des vagues pour faire progresser la fr\u00e9quentation scolaire \u00bb. Voir ici Conf\u00e9rence 2021 Notre conf\u00e9rence 2021 a eu lieu les 13 et 14 octobre 2021, organis\u00e9e en ligne depuis Melbourne, en Australie. La conf\u00e9rence [&hellip;]","og_url":"https:\/\/insa.network\/member-conferences\/","og_site_name":"INSA Network","article_modified_time":"2025-09-24T12:23:00+00:00","og_image":[{"url":"https:\/\/insa.network\/cms\/wp-content\/uploads\/2022\/06\/Conference-2022.png","type":"","width":"","height":""}],"twitter_card":"summary_large_image","twitter_misc":{"Dur\u00e9e de lecture estim\u00e9e":"1 minute"},"schema":{"@context":"https:\/\/schema.org","@graph":[{"@type":"WebPage","@id":"https:\/\/insa.network\/member-conferences\/","url":"https:\/\/insa.network\/member-conferences\/","name":"Conf\u00e9rences des membres - INSA Network","isPartOf":{"@id":"https:\/\/insa.network\/#website"},"primaryImageOfPage":{"@id":"https:\/\/insa.network\/member-conferences\/#primaryimage"},"image":{"@id":"https:\/\/insa.network\/member-conferences\/#primaryimage"},"thumbnailUrl":"https:\/\/insa.network\/cms\/wp-content\/uploads\/2022\/06\/Conference-2022.png","datePublished":"2024-10-02T18:14:22+00:00","dateModified":"2025-09-24T12:23:00+00:00","breadcrumb":{"@id":"https:\/\/insa.network\/member-conferences\/#breadcrumb"},"inLanguage":"fr-FR","potentialAction":[{"@type":"ReadAction","target":["https:\/\/insa.network\/member-conferences\/"]}]},{"@type":"ImageObject","inLanguage":"fr-FR","@id":"https:\/\/insa.network\/member-conferences\/#primaryimage","url":"https:\/\/insa.network\/cms\/wp-content\/uploads\/2022\/06\/Conference-2022.png","contentUrl":"https:\/\/insa.network\/cms\/wp-content\/uploads\/2022\/06\/Conference-2022.png"},{"@type":"BreadcrumbList","@id":"https:\/\/insa.network\/member-conferences\/#breadcrumb","itemListElement":[{"@type":"ListItem","position":1,"name":"Home","item":"https:\/\/insa.network\/"},{"@type":"ListItem","position":2,"name":"Conf\u00e9rences des membres"}]},{"@type":"WebSite","@id":"https:\/\/insa.network\/#website","url":"https:\/\/insa.network\/","name":"Insa Network","description":"","publisher":{"@id":"https:\/\/insa.network\/#organization"},"potentialAction":[{"@type":"SearchAction","target":{"@type":"EntryPoint","urlTemplate":"https:\/\/insa.network\/?s={search_term_string}"},"query-input":{"@type":"PropertyValueSpecification","valueRequired":true,"valueName":"search_term_string"}}],"inLanguage":"fr-FR"},{"@type":"Organization","@id":"https:\/\/insa.network\/#organization","name":"Insa Network","url":"https:\/\/insa.network\/","logo":{"@type":"ImageObject","inLanguage":"fr-FR","@id":"https:\/\/insa.network\/#\/schema\/logo\/image\/","url":"https:\/\/insa.network\/cms\/wp-content\/uploads\/2024\/01\/kompas-logo2-klein2.webp","contentUrl":"https:\/\/insa.network\/cms\/wp-content\/uploads\/2024\/01\/kompas-logo2-klein2.webp","width":136,"height":75,"caption":"Insa Network"},"image":{"@id":"https:\/\/insa.network\/#\/schema\/logo\/image\/"},"sameAs":["https:\/\/www.linkedin.com\/company\/international-network-for-school-attendance\/"]}]}},"_links":{"self":[{"href":"https:\/\/insa.network\/fr\/wp-json\/wp\/v2\/pages\/5793","targetHints":{"allow":["GET"]}}],"collection":[{"href":"https:\/\/insa.network\/fr\/wp-json\/wp\/v2\/pages"}],"about":[{"href":"https:\/\/insa.network\/fr\/wp-json\/wp\/v2\/types\/page"}],"author":[{"embeddable":true,"href":"https:\/\/insa.network\/fr\/wp-json\/wp\/v2\/users\/1"}],"replies":[{"embeddable":true,"href":"https:\/\/insa.network\/fr\/wp-json\/wp\/v2\/comments?post=5793"}],"version-history":[{"count":1,"href":"https:\/\/insa.network\/fr\/wp-json\/wp\/v2\/pages\/5793\/revisions"}],"predecessor-version":[{"id":6532,"href":"https:\/\/insa.network\/fr\/wp-json\/wp\/v2\/pages\/5793\/revisions\/6532"}],"wp:attachment":[{"href":"https:\/\/insa.network\/fr\/wp-json\/wp\/v2\/media?parent=5793"}],"curies":[{"name":"wp","href":"https:\/\/api.w.org\/{rel}","templated":true}]}}