{"id":6089,"date":"2025-03-14T22:54:04","date_gmt":"2025-03-14T11:54:04","guid":{"rendered":"https:\/\/insa.network\/dev\/mentoring-programm\/"},"modified":"2025-09-24T23:23:04","modified_gmt":"2025-09-24T12:23:04","slug":"mentoring-programm","status":"publish","type":"page","link":"https:\/\/insa.network\/de\/mentoring-programm\/","title":{"rendered":"Mentoring-Programm"},"content":{"rendered":"\t\t<div data-elementor-type=\"wp-page\" data-elementor-id=\"6089\" class=\"elementor elementor-6089 elementor-4862\" data-elementor-post-type=\"page\">\n\t\t\t\t<div class=\"elementor-element elementor-element-71ea47eb e-flex e-con-boxed e-con e-parent\" data-id=\"71ea47eb\" data-element_type=\"container\">\n\t\t\t\t\t<div class=\"e-con-inner\">\n\t\t\t\t<div class=\"elementor-element elementor-element-43dc1c43 elementor-widget elementor-widget-text-editor\" data-id=\"43dc1c43\" data-element_type=\"widget\" data-widget_type=\"text-editor.default\">\n\t\t\t\t<div class=\"elementor-widget-container\">\n\t\t\t\t\t\t\t\t\t<p>Werden Sie Teil der dynamischen INSA-Community, die darauf abzielt, sinnvolle Verbindungen zwischen Nachwuchs- und Seniorforschern zu f\u00f6rdern. Unsere Mentoring-Initiative schafft zahlreiche Kooperationsm\u00f6glichkeiten f\u00fcr Promovierende und erfahrene Wissenschaftlerinnen und Wissenschaftler gleicherma\u00dfen. Durch Mentoring-M\u00f6glichkeiten, kurze Forschungsaufenthalte oder kurzfristige Projekte (z.B. Zusammenarbeit an einem wissenschaftlichen Artikel) wollen wir ein unterst\u00fctzendes Umfeld f\u00fcr Nachwuchswissenschaftlerinnen und Nachwuchswissenschaftler schaffen. Durch die Verbindung mit erfahrenen Mentoren stellt INSA sicher, dass Sie das Wissen, die F\u00e4higkeiten und die Netzwerke erwerben, die Sie ben\u00f6tigen, um im Bereich des Schulbesuchs einen bedeutenden Einfluss zu haben. Nehmen Sie an unserem Mentoring-Programm teil und tragen Sie durch innovative Forschung und Praxis zur F\u00f6rderung des Schulbesuchs und zur L\u00f6sung von Anwesenheitsproblemen bei.    <\/p>\n<p><\/p>\t\t\t\t\t\t\t\t<\/div>\n\t\t\t\t<\/div>\n\t\t\t\t\t<\/div>\n\t\t\t\t<\/div>\n\t\t<div class=\"elementor-element elementor-element-24afa24 e-flex e-con-boxed e-con e-parent\" data-id=\"24afa24\" data-element_type=\"container\">\n\t\t\t\t\t<div class=\"e-con-inner\">\n\t\t\t\t<div class=\"elementor-element elementor-element-933690b elementor-widget elementor-widget-heading\" data-id=\"933690b\" data-element_type=\"widget\" data-widget_type=\"heading.default\">\n\t\t\t\t<div class=\"elementor-widget-container\">\n\t\t\t\t\t<h2 class=\"elementor-heading-title elementor-size-default\">Bewerben Sie sich jetzt als Mentor!<\/h2>\t\t\t\t<\/div>\n\t\t\t\t<\/div>\n\t\t\t\t<div class=\"elementor-element elementor-element-1314522 elementor-widget elementor-widget-text-editor\" data-id=\"1314522\" data-element_type=\"widget\" data-widget_type=\"text-editor.default\">\n\t\t\t\t<div class=\"elementor-widget-container\">\n\t\t\t\t\t\t\t\t\t<p>F\u00f6rdern Sie Ihre Forschungskarriere, indem Sie INSA-Mentor werden! Diese Gelegenheit \u00f6ffnet die T\u00fcren zu einer beispiellosen Zusammenarbeit und Kommunikation mit Forscherkollegen weltweit. Nutzen Sie die Chance, aus vielf\u00e4ltigen Erfahrungen zu lernen, Erfolge zu feiern und Herausforderungen gemeinsam zu meistern. Indem Sie diese Rolle \u00fcbernehmen, tragen Sie zu einer Kultur des geteilten Wissens und des kollektiven Wachstums bei und stellen sicher, dass die wissenschaftliche Gemeinschaft durch effizienten Austausch und gegenseitige Unterst\u00fctzung gedeiht. Gestalten Sie mit uns die Zukunft der Forschung durch Mentoring und Zusammenarbeit.    <\/p>\t\t\t\t\t\t\t\t<\/div>\n\t\t\t\t<\/div>\n\t\t\t\t\t<\/div>\n\t\t\t\t<\/div>\n\t\t<div class=\"elementor-element elementor-element-d623005 e-flex e-con-boxed e-con e-parent\" data-id=\"d623005\" data-element_type=\"container\">\n\t\t\t\t\t<div class=\"e-con-inner\">\n\t\t\t\t<div class=\"elementor-element elementor-element-f44b8f7 elementor-widget elementor-widget-heading\" data-id=\"f44b8f7\" data-element_type=\"widget\" data-widget_type=\"heading.default\">\n\t\t\t\t<div class=\"elementor-widget-container\">\n\t\t\t\t\t<h2 class=\"elementor-heading-title elementor-size-default\">Voraussetzungen, um Mentor zu werden<\/h2>\t\t\t\t<\/div>\n\t\t\t\t<\/div>\n\t\t\t\t<div class=\"elementor-element elementor-element-31e1d9a elementor-widget elementor-widget-text-editor\" data-id=\"31e1d9a\" data-element_type=\"widget\" data-widget_type=\"text-editor.default\">\n\t\t\t\t<div class=\"elementor-widget-container\">\n\t\t\t\t\t\t\t\t\t<p>Als INSA-Mentor kann jeder Professor oder ausserordentliche Professor anerkannt werden, der einen Doktortitel erworben hat und sich mit Schulbesuchsproblemen befasst.<\/p>\t\t\t\t\t\t\t\t<\/div>\n\t\t\t\t<\/div>\n\t\t\t\t\t<\/div>\n\t\t\t\t<\/div>\n\t\t<div class=\"elementor-element elementor-element-a7d1849 e-flex e-con-boxed e-con e-parent\" data-id=\"a7d1849\" data-element_type=\"container\">\n\t\t\t\t\t<div class=\"e-con-inner\">\n\t\t\t\t<div class=\"elementor-element elementor-element-e6c8d69 elementor-widget elementor-widget-heading\" data-id=\"e6c8d69\" data-element_type=\"widget\" data-widget_type=\"heading.default\">\n\t\t\t\t<div class=\"elementor-widget-container\">\n\t\t\t\t\t<h2 class=\"elementor-heading-title elementor-size-default\">Bewerbungsverfahren<\/h2>\t\t\t\t<\/div>\n\t\t\t\t<\/div>\n\t\t\t\t<div class=\"elementor-element elementor-element-bc9370a elementor-widget elementor-widget-text-editor\" data-id=\"bc9370a\" data-element_type=\"widget\" data-widget_type=\"text-editor.default\">\n\t\t\t\t<div class=\"elementor-widget-container\">\n\t\t\t\t\t\t\t\t\t<p>Bitte f\u00fcllen Sie dieses <a href=\"https:\/\/forms.gle\/bqfyS79NWbPgf3D1A\" target=\"_blank\" rel=\"noopener\">Formular<\/a> aus, um Ihr Interesse an einer Mentorent\u00e4tigkeit zu bekunden. Sobald wir Ihre Bewerbung erhalten haben, wird der wissenschaftliche Ausschuss des INSA Ihre Bewerbung pr\u00fcfen, um sicherzustellen, dass sie mit den Zielen und Kriterien unseres Programms \u00fcbereinstimmt. Nach der Genehmigung ver\u00f6ffentlichen wir Ihr Profil auf unserer Plattform und heben Ihre Interessengebiete und Fachkenntnisse hervor. Diese Sichtbarkeit wird es uns erm\u00f6glichen, Sie effektiv mit Nachwuchswissenschaftlern zusammenzubringen, die \u00e4hnliche Interessen und Fachkenntnisse teilen, und so sinnvolle und produktive Partnerschaften zu erm\u00f6glichen.   <\/p><p>Wenn Sie mehr \u00fcber das Mentoring-Programm von INSA erfahren m\u00f6chten, kontaktieren Sie uns bitte (<a href=\"mailto:info@insa.network\">info@insa.network<\/a>).<\/p>\t\t\t\t\t\t\t\t<\/div>\n\t\t\t\t<\/div>\n\t\t\t\t\t<\/div>\n\t\t\t\t<\/div>\n\t\t<div class=\"elementor-element elementor-element-a65aad1 e-flex e-con-boxed e-con e-parent\" data-id=\"a65aad1\" data-element_type=\"container\">\n\t\t\t\t\t<div class=\"e-con-inner\">\n\t\t\t\t<div class=\"elementor-element elementor-element-8be7edc elementor-widget elementor-widget-heading\" data-id=\"8be7edc\" data-element_type=\"widget\" data-widget_type=\"heading.default\">\n\t\t\t\t<div class=\"elementor-widget-container\">\n\t\t\t\t\t<h2 class=\"elementor-heading-title elementor-size-default\">Sind Sie daran interessiert, Mentoring zu werden?<\/h2>\t\t\t\t<\/div>\n\t\t\t\t<\/div>\n\t\t\t\t<div class=\"elementor-element elementor-element-8c45310 elementor-widget elementor-widget-text-editor\" data-id=\"8c45310\" data-element_type=\"widget\" data-widget_type=\"text-editor.default\">\n\t\t\t\t<div class=\"elementor-widget-container\">\n\t\t\t\t\t\t\t\t\t<p>Sobald wir Mentorinnen und Mentoren rekrutiert haben, werden wir Doktorandinnen und Doktoranden ausschreiben, die sich f\u00fcr eine Betreuung interessieren. Bleiben Sie dran! <\/p>\t\t\t\t\t\t\t\t<\/div>\n\t\t\t\t<\/div>\n\t\t\t\t<div class=\"elementor-element elementor-element-4d45ca3 elementor-widget elementor-widget-spacer\" data-id=\"4d45ca3\" data-element_type=\"widget\" data-widget_type=\"spacer.default\">\n\t\t\t\t<div class=\"elementor-widget-container\">\n\t\t\t\t\t\t\t<div class=\"elementor-spacer\">\n\t\t\t<div class=\"elementor-spacer-inner\"><\/div>\n\t\t<\/div>\n\t\t\t\t\t\t<\/div>\n\t\t\t\t<\/div>\n\t\t\t\t<div class=\"elementor-element elementor-element-a71f10d elementor-widget elementor-widget-text-editor\" data-id=\"a71f10d\" data-element_type=\"widget\" data-widget_type=\"text-editor.default\">\n\t\t\t\t<div class=\"elementor-widget-container\">\n\t\t\t\t\t\t\t\t\t<p><strong>Werden Sie Teil dieser Initiative.  <\/strong><\/p><p><strong>Zusammenarbeit und gemeinsames Lernen sind der Schl\u00fcssel zum Erfolg!<\/strong><\/p>\t\t\t\t\t\t\t\t<\/div>\n\t\t\t\t<\/div>\n\t\t\t\t\t<\/div>\n\t\t\t\t<\/div>\n\t\t\t\t<\/div>\n\t\t","protected":false},"excerpt":{"rendered":"<p>Werden Sie Teil der dynamischen INSA-Community, die darauf abzielt, sinnvolle Verbindungen zwischen Nachwuchs- und Seniorforschern zu f\u00f6rdern. Unsere Mentoring-Initiative schafft zahlreiche Kooperationsm\u00f6glichkeiten f\u00fcr Promovierende und erfahrene Wissenschaftlerinnen und Wissenschaftler gleicherma\u00dfen. Durch Mentoring-M\u00f6glichkeiten, kurze Forschungsaufenthalte oder kurzfristige Projekte (z.B. Zusammenarbeit an einem wissenschaftlichen Artikel) wollen wir ein unterst\u00fctzendes Umfeld f\u00fcr Nachwuchswissenschaftlerinnen und Nachwuchswissenschaftler schaffen. Durch die [&hellip;]<\/p>\n","protected":false},"author":89,"featured_media":0,"parent":0,"menu_order":0,"comment_status":"closed","ping_status":"closed","template":"elementor_header_footer","meta":{"_acf_changed":false,"pmpro_default_level":"","footnotes":""},"class_list":["post-6089","page","type-page","status-publish","hentry","pmpro-has-access"],"acf":[],"yoast_head":"<!-- This site is optimized with the Yoast SEO plugin v26.9 - https:\/\/yoast.com\/product\/yoast-seo-wordpress\/ -->\n<title>Mentoring-Programm - INSA Network<\/title>\n<meta name=\"robots\" content=\"index, follow, max-snippet:-1, max-image-preview:large, max-video-preview:-1\" \/>\n<link rel=\"canonical\" href=\"https:\/\/insa.network\/mentoring-program\/\" \/>\n<meta property=\"og:locale\" content=\"de_DE\" \/>\n<meta property=\"og:type\" content=\"article\" \/>\n<meta property=\"og:title\" content=\"Mentoring-Programm - INSA Network\" \/>\n<meta property=\"og:description\" content=\"Werden Sie Teil der dynamischen INSA-Community, die darauf abzielt, sinnvolle Verbindungen zwischen Nachwuchs- und Seniorforschern zu f\u00f6rdern. Unsere Mentoring-Initiative schafft zahlreiche Kooperationsm\u00f6glichkeiten f\u00fcr Promovierende und erfahrene Wissenschaftlerinnen und Wissenschaftler gleicherma\u00dfen. Durch Mentoring-M\u00f6glichkeiten, kurze Forschungsaufenthalte oder kurzfristige Projekte (z.B. Zusammenarbeit an einem wissenschaftlichen Artikel) wollen wir ein unterst\u00fctzendes Umfeld f\u00fcr Nachwuchswissenschaftlerinnen und Nachwuchswissenschaftler schaffen. Durch die [&hellip;]\" \/>\n<meta property=\"og:url\" content=\"https:\/\/insa.network\/mentoring-program\/\" \/>\n<meta property=\"og:site_name\" content=\"INSA Network\" \/>\n<meta property=\"article:modified_time\" content=\"2025-09-24T12:23:04+00:00\" \/>\n<meta name=\"twitter:card\" content=\"summary_large_image\" \/>\n<meta name=\"twitter:label1\" content=\"Est. reading time\" \/>\n\t<meta name=\"twitter:data1\" content=\"2 minutes\" \/>\n<script type=\"application\/ld+json\" class=\"yoast-schema-graph\">{\"@context\":\"https:\/\/schema.org\",\"@graph\":[{\"@type\":\"WebPage\",\"@id\":\"https:\/\/insa.network\/mentoring-program\/\",\"url\":\"https:\/\/insa.network\/mentoring-program\/\",\"name\":\"Mentoring-Programm - INSA Network\",\"isPartOf\":{\"@id\":\"https:\/\/insa.network\/#website\"},\"datePublished\":\"2025-03-14T11:54:04+00:00\",\"dateModified\":\"2025-09-24T12:23:04+00:00\",\"breadcrumb\":{\"@id\":\"https:\/\/insa.network\/mentoring-program\/#breadcrumb\"},\"inLanguage\":\"de-DE\",\"potentialAction\":[{\"@type\":\"ReadAction\",\"target\":[\"https:\/\/insa.network\/mentoring-program\/\"]}]},{\"@type\":\"BreadcrumbList\",\"@id\":\"https:\/\/insa.network\/mentoring-program\/#breadcrumb\",\"itemListElement\":[{\"@type\":\"ListItem\",\"position\":1,\"name\":\"Home\",\"item\":\"https:\/\/insa.network\/\"},{\"@type\":\"ListItem\",\"position\":2,\"name\":\"Mentoring-Programm\"}]},{\"@type\":\"WebSite\",\"@id\":\"https:\/\/insa.network\/#website\",\"url\":\"https:\/\/insa.network\/\",\"name\":\"Insa Network\",\"description\":\"\",\"publisher\":{\"@id\":\"https:\/\/insa.network\/#organization\"},\"potentialAction\":[{\"@type\":\"SearchAction\",\"target\":{\"@type\":\"EntryPoint\",\"urlTemplate\":\"https:\/\/insa.network\/?s={search_term_string}\"},\"query-input\":{\"@type\":\"PropertyValueSpecification\",\"valueRequired\":true,\"valueName\":\"search_term_string\"}}],\"inLanguage\":\"de-DE\"},{\"@type\":\"Organization\",\"@id\":\"https:\/\/insa.network\/#organization\",\"name\":\"Insa Network\",\"url\":\"https:\/\/insa.network\/\",\"logo\":{\"@type\":\"ImageObject\",\"inLanguage\":\"de-DE\",\"@id\":\"https:\/\/insa.network\/#\/schema\/logo\/image\/\",\"url\":\"https:\/\/insa.network\/cms\/wp-content\/uploads\/2024\/01\/kompas-logo2-klein2.webp\",\"contentUrl\":\"https:\/\/insa.network\/cms\/wp-content\/uploads\/2024\/01\/kompas-logo2-klein2.webp\",\"width\":136,\"height\":75,\"caption\":\"Insa Network\"},\"image\":{\"@id\":\"https:\/\/insa.network\/#\/schema\/logo\/image\/\"},\"sameAs\":[\"https:\/\/www.linkedin.com\/company\/international-network-for-school-attendance\/\"]}]}<\/script>\n<!-- \/ Yoast SEO plugin. -->","yoast_head_json":{"title":"Mentoring-Programm - INSA Network","robots":{"index":"index","follow":"follow","max-snippet":"max-snippet:-1","max-image-preview":"max-image-preview:large","max-video-preview":"max-video-preview:-1"},"canonical":"https:\/\/insa.network\/mentoring-program\/","og_locale":"de_DE","og_type":"article","og_title":"Mentoring-Programm - INSA Network","og_description":"Werden Sie Teil der dynamischen INSA-Community, die darauf abzielt, sinnvolle Verbindungen zwischen Nachwuchs- und Seniorforschern zu f\u00f6rdern. Unsere Mentoring-Initiative schafft zahlreiche Kooperationsm\u00f6glichkeiten f\u00fcr Promovierende und erfahrene Wissenschaftlerinnen und Wissenschaftler gleicherma\u00dfen. Durch Mentoring-M\u00f6glichkeiten, kurze Forschungsaufenthalte oder kurzfristige Projekte (z.B. Zusammenarbeit an einem wissenschaftlichen Artikel) wollen wir ein unterst\u00fctzendes Umfeld f\u00fcr Nachwuchswissenschaftlerinnen und Nachwuchswissenschaftler schaffen. Durch die [&hellip;]","og_url":"https:\/\/insa.network\/mentoring-program\/","og_site_name":"INSA Network","article_modified_time":"2025-09-24T12:23:04+00:00","twitter_card":"summary_large_image","twitter_misc":{"Est. reading time":"2 minutes"},"schema":{"@context":"https:\/\/schema.org","@graph":[{"@type":"WebPage","@id":"https:\/\/insa.network\/mentoring-program\/","url":"https:\/\/insa.network\/mentoring-program\/","name":"Mentoring-Programm - INSA Network","isPartOf":{"@id":"https:\/\/insa.network\/#website"},"datePublished":"2025-03-14T11:54:04+00:00","dateModified":"2025-09-24T12:23:04+00:00","breadcrumb":{"@id":"https:\/\/insa.network\/mentoring-program\/#breadcrumb"},"inLanguage":"de-DE","potentialAction":[{"@type":"ReadAction","target":["https:\/\/insa.network\/mentoring-program\/"]}]},{"@type":"BreadcrumbList","@id":"https:\/\/insa.network\/mentoring-program\/#breadcrumb","itemListElement":[{"@type":"ListItem","position":1,"name":"Home","item":"https:\/\/insa.network\/"},{"@type":"ListItem","position":2,"name":"Mentoring-Programm"}]},{"@type":"WebSite","@id":"https:\/\/insa.network\/#website","url":"https:\/\/insa.network\/","name":"Insa Network","description":"","publisher":{"@id":"https:\/\/insa.network\/#organization"},"potentialAction":[{"@type":"SearchAction","target":{"@type":"EntryPoint","urlTemplate":"https:\/\/insa.network\/?s={search_term_string}"},"query-input":{"@type":"PropertyValueSpecification","valueRequired":true,"valueName":"search_term_string"}}],"inLanguage":"de-DE"},{"@type":"Organization","@id":"https:\/\/insa.network\/#organization","name":"Insa Network","url":"https:\/\/insa.network\/","logo":{"@type":"ImageObject","inLanguage":"de-DE","@id":"https:\/\/insa.network\/#\/schema\/logo\/image\/","url":"https:\/\/insa.network\/cms\/wp-content\/uploads\/2024\/01\/kompas-logo2-klein2.webp","contentUrl":"https:\/\/insa.network\/cms\/wp-content\/uploads\/2024\/01\/kompas-logo2-klein2.webp","width":136,"height":75,"caption":"Insa Network"},"image":{"@id":"https:\/\/insa.network\/#\/schema\/logo\/image\/"},"sameAs":["https:\/\/www.linkedin.com\/company\/international-network-for-school-attendance\/"]}]}},"_links":{"self":[{"href":"https:\/\/insa.network\/de\/wp-json\/wp\/v2\/pages\/6089","targetHints":{"allow":["GET"]}}],"collection":[{"href":"https:\/\/insa.network\/de\/wp-json\/wp\/v2\/pages"}],"about":[{"href":"https:\/\/insa.network\/de\/wp-json\/wp\/v2\/types\/page"}],"author":[{"embeddable":true,"href":"https:\/\/insa.network\/de\/wp-json\/wp\/v2\/users\/89"}],"replies":[{"embeddable":true,"href":"https:\/\/insa.network\/de\/wp-json\/wp\/v2\/comments?post=6089"}],"version-history":[{"count":1,"href":"https:\/\/insa.network\/de\/wp-json\/wp\/v2\/pages\/6089\/revisions"}],"predecessor-version":[{"id":6535,"href":"https:\/\/insa.network\/de\/wp-json\/wp\/v2\/pages\/6089\/revisions\/6535"}],"wp:attachment":[{"href":"https:\/\/insa.network\/de\/wp-json\/wp\/v2\/media?parent=6089"}],"curies":[{"name":"wp","href":"https:\/\/api.w.org\/{rel}","templated":true}]}}