{"id":5971,"date":"2024-01-25T06:41:31","date_gmt":"2024-01-24T19:41:31","guid":{"rendered":"https:\/\/insa.network\/dev\/mitglied-werden\/"},"modified":"2025-09-24T23:22:32","modified_gmt":"2025-09-24T12:22:32","slug":"mitglied-werden","status":"publish","type":"page","link":"https:\/\/insa.network\/de\/mitglied-werden\/","title":{"rendered":"Mitglied werden"},"content":{"rendered":"\t\t<div data-elementor-type=\"wp-page\" data-elementor-id=\"5971\" class=\"elementor elementor-5971 elementor-51\" data-elementor-post-type=\"page\">\n\t\t\t\t<div class=\"elementor-element elementor-element-35fa6c2 e-flex e-con-boxed e-con e-parent\" data-id=\"35fa6c2\" data-element_type=\"container\">\n\t\t\t\t\t<div class=\"e-con-inner\">\n\t\t<div class=\"elementor-element elementor-element-77a92a8 e-con-full e-flex e-con e-child\" data-id=\"77a92a8\" data-element_type=\"container\">\n\t\t\t\t<div class=\"elementor-element elementor-element-607d3cc elementor-widget elementor-widget-text-editor\" data-id=\"607d3cc\" data-element_type=\"widget\" data-widget_type=\"text-editor.default\">\n\t\t\t\t<div class=\"elementor-widget-container\">\n\t\t\t\t\t\t\t\t\t<p>Die Mitgliedschaft in der INSA unterst\u00fctzt die Arbeit einer internationalen Gemeinschaft, die sich f\u00fcr die F\u00f6rderung des Schulbesuchs und die Bek\u00e4mpfung von Fehlzeiten einsetzt.<\/p>\t\t\t\t\t\t\t\t<\/div>\n\t\t\t\t<\/div>\n\t\t\t\t<div class=\"elementor-element elementor-element-89324ae elementor-widget elementor-widget-heading\" data-id=\"89324ae\" data-element_type=\"widget\" data-widget_type=\"heading.default\">\n\t\t\t\t<div class=\"elementor-widget-container\">\n\t\t\t\t\t<h2 class=\"elementor-heading-title elementor-size-default\">Mitglieder erhalten<\/h2>\t\t\t\t<\/div>\n\t\t\t\t<\/div>\n\t\t\t\t<div class=\"elementor-element elementor-element-a51d14e elementor-icon-list--layout-traditional elementor-list-item-link-full_width elementor-widget elementor-widget-icon-list\" data-id=\"a51d14e\" data-element_type=\"widget\" data-widget_type=\"icon-list.default\">\n\t\t\t\t<div class=\"elementor-widget-container\">\n\t\t\t\t\t\t\t<ul class=\"elementor-icon-list-items\">\n\t\t\t\t\t\t\t<li class=\"elementor-icon-list-item\">\n\t\t\t\t\t\t\t\t\t\t\t<span class=\"elementor-icon-list-icon\">\n\t\t\t\t\t\t\t<svg aria-hidden=\"true\" class=\"e-font-icon-svg e-fas-check-circle\" viewBox=\"0 0 512 512\" xmlns=\"http:\/\/www.w3.org\/2000\/svg\"><path d=\"M504 256c0 136.967-111.033 248-248 248S8 392.967 8 256 119.033 8 256 8s248 111.033 248 248zM227.314 387.314l184-184c6.248-6.248 6.248-16.379 0-22.627l-22.627-22.627c-6.248-6.249-16.379-6.249-22.628 0L216 308.118l-70.059-70.059c-6.248-6.248-16.379-6.248-22.628 0l-22.627 22.627c-6.248 6.248-6.248 16.379 0 22.627l104 104c6.249 6.249 16.379 6.249 22.628.001z\"><\/path><\/svg>\t\t\t\t\t\t<\/span>\n\t\t\t\t\t\t\t\t\t\t<span class=\"elementor-icon-list-text\">erm\u00e4\u00dfigte Preise f\u00fcr INSA-Veranstaltungen,<\/span>\n\t\t\t\t\t\t\t\t\t<\/li>\n\t\t\t\t\t\t\t\t<li class=\"elementor-icon-list-item\">\n\t\t\t\t\t\t\t\t\t\t\t<span class=\"elementor-icon-list-icon\">\n\t\t\t\t\t\t\t<svg aria-hidden=\"true\" class=\"e-font-icon-svg e-fas-check-circle\" viewBox=\"0 0 512 512\" xmlns=\"http:\/\/www.w3.org\/2000\/svg\"><path d=\"M504 256c0 136.967-111.033 248-248 248S8 392.967 8 256 119.033 8 256 8s248 111.033 248 248zM227.314 387.314l184-184c6.248-6.248 6.248-16.379 0-22.627l-22.627-22.627c-6.248-6.249-16.379-6.249-22.628 0L216 308.118l-70.059-70.059c-6.248-6.248-16.379-6.248-22.628 0l-22.627 22.627c-6.248 6.248-6.248 16.379 0 22.627l104 104c6.249 6.249 16.379 6.249 22.628.001z\"><\/path><\/svg>\t\t\t\t\t\t<\/span>\n\t\t\t\t\t\t\t\t\t\t<span class=\"elementor-icon-list-text\">Zugang zu Webinaren und Videomaterial,<\/span>\n\t\t\t\t\t\t\t\t\t<\/li>\n\t\t\t\t\t\t\t\t<li class=\"elementor-icon-list-item\">\n\t\t\t\t\t\t\t\t\t\t\t<span class=\"elementor-icon-list-icon\">\n\t\t\t\t\t\t\t<svg aria-hidden=\"true\" class=\"e-font-icon-svg e-fas-check-circle\" viewBox=\"0 0 512 512\" xmlns=\"http:\/\/www.w3.org\/2000\/svg\"><path d=\"M504 256c0 136.967-111.033 248-248 248S8 392.967 8 256 119.033 8 256 8s248 111.033 248 248zM227.314 387.314l184-184c6.248-6.248 6.248-16.379 0-22.627l-22.627-22.627c-6.248-6.249-16.379-6.249-22.628 0L216 308.118l-70.059-70.059c-6.248-6.248-16.379-6.248-22.628 0l-22.627 22.627c-6.248 6.248-6.248 16.379 0 22.627l104 104c6.249 6.249 16.379 6.249 22.628.001z\"><\/path><\/svg>\t\t\t\t\t\t<\/span>\n\t\t\t\t\t\t\t\t\t\t<span class=\"elementor-icon-list-text\">und ein Abonnement f\u00fcr INStAnt!, das schnelle und einfache Update zu Anwesenheitsproblemen und Aktivit\u00e4ten.<\/span>\n\t\t\t\t\t\t\t\t\t<\/li>\n\t\t\t\t\t\t<\/ul>\n\t\t\t\t\t\t<\/div>\n\t\t\t\t<\/div>\n\t\t\t\t<div class=\"elementor-element elementor-element-ef8c0f2 elementor-widget elementor-widget-heading\" data-id=\"ef8c0f2\" data-element_type=\"widget\" data-widget_type=\"heading.default\">\n\t\t\t\t<div class=\"elementor-widget-container\">\n\t\t\t\t\t<h2 class=\"elementor-heading-title elementor-size-default\">Erneuerung der Mitgliedschaft<\/h2>\t\t\t\t<\/div>\n\t\t\t\t<\/div>\n\t\t\t\t<div class=\"elementor-element elementor-element-069fcf3 elementor-widget elementor-widget-text-editor\" data-id=\"069fcf3\" data-element_type=\"widget\" data-widget_type=\"text-editor.default\">\n\t\t\t\t<div class=\"elementor-widget-container\">\n\t\t\t\t\t\t\t\t\t<p>Wir haben zwei Arten von Mitgliedschaften: Vollmitgliedschaft und Student.<\/p><p>Die Vollmitgliedschaft kostet 150 AUD (ca. <span style=\"font-family: Aptos, sans-serif; font-size: 12pt; color: var( --e-global-color-text ); font-weight: var( --e-global-typography-text-font-weight ); text-align: var(--text-align);\">9,0 \u20ac<\/span><span style=\"color: var( --e-global-color-text ); font-family: var( --e-global-typography-text-font-family ), Sans-serif; font-weight: var( --e-global-typography-text-font-weight ); text-align: var(--text-align); font-size: 1rem;\">und <\/span><span style=\"font-size: 12pt; line-height: 18.4px; font-family: Aptos, sans-serif;\">90 $US<\/span><span style=\"color: var( --e-global-color-text ); font-family: var( --e-global-typography-text-font-family ), Sans-serif; font-weight: var( --e-global-typography-text-font-weight ); text-align: var(--text-align); font-size: 1rem;\">).<\/span><\/p><p>Die Studentenmitgliedschaft ist f\u00fcr Vollzeitstudenten verf\u00fcgbar und kostet 50 AUD (ca. <span style=\"font-family: Aptos, sans-serif; font-size: 12pt; color: var( --e-global-color-text ); font-weight: var( --e-global-typography-text-font-weight ); text-align: var(--text-align);\">3<\/span>, <span style=\"color: var( --e-global-color-text ); font-family: var( --e-global-typography-text-font-family ), Sans-serif; font-weight: var( --e-global-typography-text-font-weight ); text-align: var(--text-align); font-size: 1rem;\">0 \u20ac und <\/span><span style=\"font-size: 12pt; line-height: 18.4px; font-family: Aptos, sans-serif;\">30 $US<\/span><span style=\"color: var( --e-global-color-text ); font-family: var( --e-global-typography-text-font-family ), Sans-serif; font-weight: var( --e-global-typography-text-font-weight ); text-align: var(--text-align); font-size: 1rem;\">). Sobald Sie beigetreten sind, senden Sie bitte eine E-Mail mit dem Nachweis der Vollzeiteinschreibung an <a href=\"mailto:insanetwork24@gmail.com\">insanetwork24@gmail.com<\/a> <\/span><\/p><p>Durch den Kauf einer Mitgliedschaft erhalten Sie 12 Monate lang Zugang zu den Vorteilen f\u00fcr Mitglieder.<\/p><p>Ehemalige oder erneuernde INSA-Mitglieder, stellen Sie bitte sicher, dass Sie eine neue Mitgliedschaft erstellen, indem Sie auf die Schaltfl\u00e4che Hier starten klicken.<\/p>\t\t\t\t\t\t\t\t<\/div>\n\t\t\t\t<\/div>\n\t\t\t\t<\/div>\n\t\t<div class=\"elementor-element elementor-element-d1adc97 e-con-full e-flex e-con e-child\" data-id=\"d1adc97\" data-element_type=\"container\">\n\t\t\t\t<div class=\"elementor-element elementor-element-d0a05be elementor-cta--skin-classic elementor-animated-content elementor-bg-transform elementor-bg-transform-zoom-in elementor-widget elementor-widget-call-to-action\" data-id=\"d0a05be\" data-element_type=\"widget\" data-widget_type=\"call-to-action.default\">\n\t\t\t\t<div class=\"elementor-widget-container\">\n\t\t\t\t\t\t\t<a class=\"elementor-cta\" href=\"https:\/\/insa.network\/dev\/membership-checkout\/?pmpro_level=1\">\n\t\t\t\t\t\t\t<div class=\"elementor-cta__content\">\n\t\t\t\t\n\t\t\t\t\t\t\t\t\t<h2 class=\"elementor-cta__title elementor-cta__content-item elementor-content-item\">\n\t\t\t\t\t\tMelden Sie sich f\u00fcr die Mitgliedschaft an\t\t\t\t\t<\/h2>\n\t\t\t\t\n\t\t\t\t\t\t\t\t\t<div class=\"elementor-cta__description elementor-cta__content-item elementor-content-item\">\n\t\t\t\t\t\tSchlie\u00dfen Sie sich uns jetzt an und vernetzen Sie sich mit unserer internationalen Community.\t\t\t\t\t<\/div>\n\t\t\t\t\n\t\t\t\t\t\t\t\t\t<div class=\"elementor-cta__button-wrapper elementor-cta__content-item elementor-content-item \">\n\t\t\t\t\t<span class=\"elementor-cta__button elementor-button elementor-size-xl\">\n\t\t\t\t\t\tBeginnen Sie hier\t\t\t\t\t<\/span>\n\t\t\t\t\t<\/div>\n\t\t\t\t\t\t\t<\/div>\n\t\t\t\t\t\t<\/a>\n\t\t\t\t\t\t<\/div>\n\t\t\t\t<\/div>\n\t\t\t\t<\/div>\n\t\t\t\t\t<\/div>\n\t\t\t\t<\/div>\n\t\t\t\t<\/div>\n\t\t","protected":false},"excerpt":{"rendered":"<p>Die Mitgliedschaft in der INSA unterst\u00fctzt die Arbeit einer internationalen Gemeinschaft, die sich f\u00fcr die F\u00f6rderung des Schulbesuchs und die Bek\u00e4mpfung von Fehlzeiten einsetzt. Mitglieder erhalten erm\u00e4\u00dfigte Preise f\u00fcr INSA-Veranstaltungen, Zugang zu Webinaren und Videomaterial, und ein Abonnement f\u00fcr INStAnt!, das schnelle und einfache Update zu Anwesenheitsproblemen und Aktivit\u00e4ten. Erneuerung der Mitgliedschaft Wir haben zwei [&hellip;]<\/p>\n","protected":false},"author":1,"featured_media":0,"parent":0,"menu_order":0,"comment_status":"closed","ping_status":"closed","template":"elementor_header_footer","meta":{"_acf_changed":false,"pmpro_default_level":"","footnotes":""},"class_list":["post-5971","page","type-page","status-publish","hentry","pmpro-has-access"],"acf":[],"yoast_head":"<!-- This site is optimized with the Yoast SEO plugin v26.9 - https:\/\/yoast.com\/product\/yoast-seo-wordpress\/ -->\n<title>Mitglied werden - INSA Network<\/title>\n<meta name=\"description\" content=\"Treten Sie INSA bei und erhalten Sie erm\u00e4\u00dfigte Veranstaltungspreise, exklusive Webinare und Updates zur Schulbesuchsquote. Unterst\u00fctzen Sie eine globale Mission zur Bek\u00e4mpfung von Fehlzeiten. Jetzt anmelden!\" \/>\n<meta name=\"robots\" content=\"index, follow, max-snippet:-1, max-image-preview:large, max-video-preview:-1\" \/>\n<link rel=\"canonical\" href=\"https:\/\/insa.network\/becoming-a-member\/\" \/>\n<meta property=\"og:locale\" content=\"de_DE\" \/>\n<meta property=\"og:type\" content=\"article\" \/>\n<meta property=\"og:title\" content=\"Mitglied werden - INSA Network\" \/>\n<meta property=\"og:description\" content=\"Treten Sie INSA bei und erhalten Sie erm\u00e4\u00dfigte Veranstaltungspreise, exklusive Webinare und Updates zur Schulbesuchsquote. Unterst\u00fctzen Sie eine globale Mission zur Bek\u00e4mpfung von Fehlzeiten. Jetzt anmelden!\" \/>\n<meta property=\"og:url\" content=\"https:\/\/insa.network\/becoming-a-member\/\" \/>\n<meta property=\"og:site_name\" content=\"INSA Network\" \/>\n<meta property=\"article:modified_time\" content=\"2025-09-24T12:22:32+00:00\" \/>\n<meta name=\"twitter:card\" content=\"summary_large_image\" \/>\n<meta name=\"twitter:label1\" content=\"Est. reading time\" \/>\n\t<meta name=\"twitter:data1\" content=\"1 minute\" \/>\n<script type=\"application\/ld+json\" class=\"yoast-schema-graph\">{\"@context\":\"https:\/\/schema.org\",\"@graph\":[{\"@type\":\"WebPage\",\"@id\":\"https:\/\/insa.network\/becoming-a-member\/\",\"url\":\"https:\/\/insa.network\/becoming-a-member\/\",\"name\":\"Mitglied werden - INSA Network\",\"isPartOf\":{\"@id\":\"https:\/\/insa.network\/#website\"},\"datePublished\":\"2024-01-24T19:41:31+00:00\",\"dateModified\":\"2025-09-24T12:22:32+00:00\",\"description\":\"Treten Sie INSA bei und erhalten Sie erm\u00e4\u00dfigte Veranstaltungspreise, exklusive Webinare und Updates zur Schulbesuchsquote. Unterst\u00fctzen Sie eine globale Mission zur Bek\u00e4mpfung von Fehlzeiten. Jetzt anmelden!\",\"breadcrumb\":{\"@id\":\"https:\/\/insa.network\/becoming-a-member\/#breadcrumb\"},\"inLanguage\":\"de-DE\",\"potentialAction\":[{\"@type\":\"ReadAction\",\"target\":[\"https:\/\/insa.network\/becoming-a-member\/\"]}]},{\"@type\":\"BreadcrumbList\",\"@id\":\"https:\/\/insa.network\/becoming-a-member\/#breadcrumb\",\"itemListElement\":[{\"@type\":\"ListItem\",\"position\":1,\"name\":\"Home\",\"item\":\"https:\/\/insa.network\/\"},{\"@type\":\"ListItem\",\"position\":2,\"name\":\"Mitglied werden\"}]},{\"@type\":\"WebSite\",\"@id\":\"https:\/\/insa.network\/#website\",\"url\":\"https:\/\/insa.network\/\",\"name\":\"Insa Network\",\"description\":\"\",\"publisher\":{\"@id\":\"https:\/\/insa.network\/#organization\"},\"potentialAction\":[{\"@type\":\"SearchAction\",\"target\":{\"@type\":\"EntryPoint\",\"urlTemplate\":\"https:\/\/insa.network\/?s={search_term_string}\"},\"query-input\":{\"@type\":\"PropertyValueSpecification\",\"valueRequired\":true,\"valueName\":\"search_term_string\"}}],\"inLanguage\":\"de-DE\"},{\"@type\":\"Organization\",\"@id\":\"https:\/\/insa.network\/#organization\",\"name\":\"Insa Network\",\"url\":\"https:\/\/insa.network\/\",\"logo\":{\"@type\":\"ImageObject\",\"inLanguage\":\"de-DE\",\"@id\":\"https:\/\/insa.network\/#\/schema\/logo\/image\/\",\"url\":\"https:\/\/insa.network\/cms\/wp-content\/uploads\/2024\/01\/kompas-logo2-klein2.webp\",\"contentUrl\":\"https:\/\/insa.network\/cms\/wp-content\/uploads\/2024\/01\/kompas-logo2-klein2.webp\",\"width\":136,\"height\":75,\"caption\":\"Insa Network\"},\"image\":{\"@id\":\"https:\/\/insa.network\/#\/schema\/logo\/image\/\"},\"sameAs\":[\"https:\/\/www.linkedin.com\/company\/international-network-for-school-attendance\/\"]}]}<\/script>\n<!-- \/ Yoast SEO plugin. -->","yoast_head_json":{"title":"Mitglied werden - INSA Network","description":"Treten Sie INSA bei und erhalten Sie erm\u00e4\u00dfigte Veranstaltungspreise, exklusive Webinare und Updates zur Schulbesuchsquote. Unterst\u00fctzen Sie eine globale Mission zur Bek\u00e4mpfung von Fehlzeiten. Jetzt anmelden!","robots":{"index":"index","follow":"follow","max-snippet":"max-snippet:-1","max-image-preview":"max-image-preview:large","max-video-preview":"max-video-preview:-1"},"canonical":"https:\/\/insa.network\/becoming-a-member\/","og_locale":"de_DE","og_type":"article","og_title":"Mitglied werden - INSA Network","og_description":"Treten Sie INSA bei und erhalten Sie erm\u00e4\u00dfigte Veranstaltungspreise, exklusive Webinare und Updates zur Schulbesuchsquote. Unterst\u00fctzen Sie eine globale Mission zur Bek\u00e4mpfung von Fehlzeiten. Jetzt anmelden!","og_url":"https:\/\/insa.network\/becoming-a-member\/","og_site_name":"INSA Network","article_modified_time":"2025-09-24T12:22:32+00:00","twitter_card":"summary_large_image","twitter_misc":{"Est. reading time":"1 minute"},"schema":{"@context":"https:\/\/schema.org","@graph":[{"@type":"WebPage","@id":"https:\/\/insa.network\/becoming-a-member\/","url":"https:\/\/insa.network\/becoming-a-member\/","name":"Mitglied werden - INSA Network","isPartOf":{"@id":"https:\/\/insa.network\/#website"},"datePublished":"2024-01-24T19:41:31+00:00","dateModified":"2025-09-24T12:22:32+00:00","description":"Treten Sie INSA bei und erhalten Sie erm\u00e4\u00dfigte Veranstaltungspreise, exklusive Webinare und Updates zur Schulbesuchsquote. Unterst\u00fctzen Sie eine globale Mission zur Bek\u00e4mpfung von Fehlzeiten. Jetzt anmelden!","breadcrumb":{"@id":"https:\/\/insa.network\/becoming-a-member\/#breadcrumb"},"inLanguage":"de-DE","potentialAction":[{"@type":"ReadAction","target":["https:\/\/insa.network\/becoming-a-member\/"]}]},{"@type":"BreadcrumbList","@id":"https:\/\/insa.network\/becoming-a-member\/#breadcrumb","itemListElement":[{"@type":"ListItem","position":1,"name":"Home","item":"https:\/\/insa.network\/"},{"@type":"ListItem","position":2,"name":"Mitglied werden"}]},{"@type":"WebSite","@id":"https:\/\/insa.network\/#website","url":"https:\/\/insa.network\/","name":"Insa Network","description":"","publisher":{"@id":"https:\/\/insa.network\/#organization"},"potentialAction":[{"@type":"SearchAction","target":{"@type":"EntryPoint","urlTemplate":"https:\/\/insa.network\/?s={search_term_string}"},"query-input":{"@type":"PropertyValueSpecification","valueRequired":true,"valueName":"search_term_string"}}],"inLanguage":"de-DE"},{"@type":"Organization","@id":"https:\/\/insa.network\/#organization","name":"Insa Network","url":"https:\/\/insa.network\/","logo":{"@type":"ImageObject","inLanguage":"de-DE","@id":"https:\/\/insa.network\/#\/schema\/logo\/image\/","url":"https:\/\/insa.network\/cms\/wp-content\/uploads\/2024\/01\/kompas-logo2-klein2.webp","contentUrl":"https:\/\/insa.network\/cms\/wp-content\/uploads\/2024\/01\/kompas-logo2-klein2.webp","width":136,"height":75,"caption":"Insa Network"},"image":{"@id":"https:\/\/insa.network\/#\/schema\/logo\/image\/"},"sameAs":["https:\/\/www.linkedin.com\/company\/international-network-for-school-attendance\/"]}]}},"_links":{"self":[{"href":"https:\/\/insa.network\/de\/wp-json\/wp\/v2\/pages\/5971","targetHints":{"allow":["GET"]}}],"collection":[{"href":"https:\/\/insa.network\/de\/wp-json\/wp\/v2\/pages"}],"about":[{"href":"https:\/\/insa.network\/de\/wp-json\/wp\/v2\/types\/page"}],"author":[{"embeddable":true,"href":"https:\/\/insa.network\/de\/wp-json\/wp\/v2\/users\/1"}],"replies":[{"embeddable":true,"href":"https:\/\/insa.network\/de\/wp-json\/wp\/v2\/comments?post=5971"}],"version-history":[{"count":1,"href":"https:\/\/insa.network\/de\/wp-json\/wp\/v2\/pages\/5971\/revisions"}],"predecessor-version":[{"id":6480,"href":"https:\/\/insa.network\/de\/wp-json\/wp\/v2\/pages\/5971\/revisions\/6480"}],"wp:attachment":[{"href":"https:\/\/insa.network\/de\/wp-json\/wp\/v2\/media?parent=5971"}],"curies":[{"name":"wp","href":"https:\/\/api.w.org\/{rel}","templated":true}]}}