{"id":5952,"date":"2024-01-25T06:41:30","date_gmt":"2024-01-24T19:41:30","guid":{"rendered":"https:\/\/insa.network\/dev\/unsere-mitglieder\/"},"modified":"2025-09-24T23:22:20","modified_gmt":"2025-09-24T12:22:20","slug":"unsere-mitglieder","status":"publish","type":"page","link":"https:\/\/insa.network\/de\/unsere-mitglieder\/","title":{"rendered":"Unsere Mitglieder"},"content":{"rendered":"\t\t<div data-elementor-type=\"wp-page\" data-elementor-id=\"5952\" class=\"elementor elementor-5952 elementor-50\" data-elementor-post-type=\"page\">\n\t\t\t\t<div class=\"elementor-element elementor-element-e48707e e-flex e-con-boxed e-con e-parent\" data-id=\"e48707e\" data-element_type=\"container\">\n\t\t\t\t\t<div class=\"e-con-inner\">\n\t\t\t\t<div class=\"elementor-element elementor-element-cddd702 elementor-widget elementor-widget-image\" data-id=\"cddd702\" data-element_type=\"widget\" data-widget_type=\"image.default\">\n\t\t\t\t<div class=\"elementor-widget-container\">\n\t\t\t\t\t\t\t\t\t\t\t\t\t\t\t<img decoding=\"async\" src=\"https:\/\/insa.network\/dev\/wp-content\/uploads\/2024\/06\/Our-Members.png\" title=\"\" alt=\"\" loading=\"lazy\" \/>\t\t\t\t\t\t\t\t\t\t\t\t\t\t\t<\/div>\n\t\t\t\t<\/div>\n\t\t\t\t<div class=\"elementor-element elementor-element-7dd9035 elementor-widget elementor-widget-text-editor\" data-id=\"7dd9035\" data-element_type=\"widget\" data-widget_type=\"text-editor.default\">\n\t\t\t\t<div class=\"elementor-widget-container\">\n\t\t\t\t\t\t\t\t\t<p>Informationen zur Mitgliedschaft finden Sie im Hauptmen\u00fc MITGLIEDER. Die Anmeldung zur Mitgliedschaft ist \u00fcber <a href=\"https:\/\/insa.network\/dev\/becoming-a-member\/\" target=\"_blank\" rel=\"noopener\">BECOME A MEMBER m\u00f6glich<\/a>. Unsere internationale Organisation hat Mitglieder aus Australien, Europa, Gro\u00dfbritannien, Irland, Nord- und S\u00fcdamerika. Wir freuen uns, Sie bei INSA begr\u00fc\u00dfen zu d\u00fcrfen und ermutigen Sie, Ihr lokales Netzwerk \u00fcber die Seiten <a href=\"https:\/\/insa.network\/dev\/my-country\/\">&#8220;Mein Land<\/a> &#8221; zu finden.   <\/p>\t\t\t\t\t\t\t\t<\/div>\n\t\t\t\t<\/div>\n\t\t\t\t\t<\/div>\n\t\t\t\t<\/div>\n\t\t\t\t<\/div>\n\t\t","protected":false},"excerpt":{"rendered":"<p>Informationen zur Mitgliedschaft finden Sie im Hauptmen\u00fc MITGLIEDER. Die Anmeldung zur Mitgliedschaft ist \u00fcber BECOME A MEMBER m\u00f6glich. Unsere internationale Organisation hat Mitglieder aus Australien, Europa, Gro\u00dfbritannien, Irland, Nord- und S\u00fcdamerika. Wir freuen uns, Sie bei INSA begr\u00fc\u00dfen zu d\u00fcrfen und ermutigen Sie, Ihr lokales Netzwerk \u00fcber die Seiten &#8220;Mein Land &#8221; zu finden.<\/p>\n","protected":false},"author":1,"featured_media":0,"parent":0,"menu_order":0,"comment_status":"closed","ping_status":"closed","template":"elementor_header_footer","meta":{"_acf_changed":false,"pmpro_default_level":"","footnotes":""},"class_list":["post-5952","page","type-page","status-publish","hentry","pmpro-has-access"],"acf":[],"yoast_head":"<!-- This site is optimized with the Yoast SEO plugin v26.9 - https:\/\/yoast.com\/product\/yoast-seo-wordpress\/ -->\n<title>Unsere Mitglieder - INSA Network<\/title>\n<meta name=\"description\" content=\"Besuchen Sie diese Seite, um eine Liste unserer aktuellen Mitglieder anzuzeigen.\" \/>\n<meta name=\"robots\" content=\"index, follow, max-snippet:-1, max-image-preview:large, max-video-preview:-1\" \/>\n<link rel=\"canonical\" href=\"https:\/\/insa.network\/our-members\/\" \/>\n<meta property=\"og:locale\" content=\"de_DE\" \/>\n<meta property=\"og:type\" content=\"article\" \/>\n<meta property=\"og:title\" content=\"Unsere Mitglieder - INSA Network\" \/>\n<meta property=\"og:description\" content=\"Besuchen Sie diese Seite, um eine Liste unserer aktuellen Mitglieder anzuzeigen.\" \/>\n<meta property=\"og:url\" content=\"https:\/\/insa.network\/our-members\/\" \/>\n<meta property=\"og:site_name\" content=\"INSA Network\" \/>\n<meta property=\"article:modified_time\" content=\"2025-09-24T12:22:20+00:00\" \/>\n<meta property=\"og:image\" content=\"https:\/\/insa.network\/cms\/wp-content\/uploads\/2024\/06\/Our-Members.png\" \/>\n<meta name=\"twitter:card\" content=\"summary_large_image\" \/>\n<script type=\"application\/ld+json\" class=\"yoast-schema-graph\">{\"@context\":\"https:\/\/schema.org\",\"@graph\":[{\"@type\":\"WebPage\",\"@id\":\"https:\/\/insa.network\/our-members\/\",\"url\":\"https:\/\/insa.network\/our-members\/\",\"name\":\"Unsere Mitglieder - INSA Network\",\"isPartOf\":{\"@id\":\"https:\/\/insa.network\/#website\"},\"primaryImageOfPage\":{\"@id\":\"https:\/\/insa.network\/our-members\/#primaryimage\"},\"image\":{\"@id\":\"https:\/\/insa.network\/our-members\/#primaryimage\"},\"thumbnailUrl\":\"https:\/\/insa.network\/cms\/wp-content\/uploads\/2024\/06\/Our-Members.png\",\"datePublished\":\"2024-01-24T19:41:30+00:00\",\"dateModified\":\"2025-09-24T12:22:20+00:00\",\"description\":\"Besuchen Sie diese Seite, um eine Liste unserer aktuellen Mitglieder anzuzeigen.\",\"breadcrumb\":{\"@id\":\"https:\/\/insa.network\/our-members\/#breadcrumb\"},\"inLanguage\":\"de-DE\",\"potentialAction\":[{\"@type\":\"ReadAction\",\"target\":[\"https:\/\/insa.network\/our-members\/\"]}]},{\"@type\":\"ImageObject\",\"inLanguage\":\"de-DE\",\"@id\":\"https:\/\/insa.network\/our-members\/#primaryimage\",\"url\":\"https:\/\/insa.network\/cms\/wp-content\/uploads\/2024\/06\/Our-Members.png\",\"contentUrl\":\"https:\/\/insa.network\/cms\/wp-content\/uploads\/2024\/06\/Our-Members.png\"},{\"@type\":\"BreadcrumbList\",\"@id\":\"https:\/\/insa.network\/our-members\/#breadcrumb\",\"itemListElement\":[{\"@type\":\"ListItem\",\"position\":1,\"name\":\"Home\",\"item\":\"https:\/\/insa.network\/\"},{\"@type\":\"ListItem\",\"position\":2,\"name\":\"Unsere Mitglieder\"}]},{\"@type\":\"WebSite\",\"@id\":\"https:\/\/insa.network\/#website\",\"url\":\"https:\/\/insa.network\/\",\"name\":\"Insa Network\",\"description\":\"\",\"publisher\":{\"@id\":\"https:\/\/insa.network\/#organization\"},\"potentialAction\":[{\"@type\":\"SearchAction\",\"target\":{\"@type\":\"EntryPoint\",\"urlTemplate\":\"https:\/\/insa.network\/?s={search_term_string}\"},\"query-input\":{\"@type\":\"PropertyValueSpecification\",\"valueRequired\":true,\"valueName\":\"search_term_string\"}}],\"inLanguage\":\"de-DE\"},{\"@type\":\"Organization\",\"@id\":\"https:\/\/insa.network\/#organization\",\"name\":\"Insa Network\",\"url\":\"https:\/\/insa.network\/\",\"logo\":{\"@type\":\"ImageObject\",\"inLanguage\":\"de-DE\",\"@id\":\"https:\/\/insa.network\/#\/schema\/logo\/image\/\",\"url\":\"https:\/\/insa.network\/cms\/wp-content\/uploads\/2024\/01\/kompas-logo2-klein2.webp\",\"contentUrl\":\"https:\/\/insa.network\/cms\/wp-content\/uploads\/2024\/01\/kompas-logo2-klein2.webp\",\"width\":136,\"height\":75,\"caption\":\"Insa Network\"},\"image\":{\"@id\":\"https:\/\/insa.network\/#\/schema\/logo\/image\/\"},\"sameAs\":[\"https:\/\/www.linkedin.com\/company\/international-network-for-school-attendance\/\"]}]}<\/script>\n<!-- \/ Yoast SEO plugin. -->","yoast_head_json":{"title":"Unsere Mitglieder - INSA Network","description":"Besuchen Sie diese Seite, um eine Liste unserer aktuellen Mitglieder anzuzeigen.","robots":{"index":"index","follow":"follow","max-snippet":"max-snippet:-1","max-image-preview":"max-image-preview:large","max-video-preview":"max-video-preview:-1"},"canonical":"https:\/\/insa.network\/our-members\/","og_locale":"de_DE","og_type":"article","og_title":"Unsere Mitglieder - INSA Network","og_description":"Besuchen Sie diese Seite, um eine Liste unserer aktuellen Mitglieder anzuzeigen.","og_url":"https:\/\/insa.network\/our-members\/","og_site_name":"INSA Network","article_modified_time":"2025-09-24T12:22:20+00:00","og_image":[{"url":"https:\/\/insa.network\/cms\/wp-content\/uploads\/2024\/06\/Our-Members.png","type":"","width":"","height":""}],"twitter_card":"summary_large_image","schema":{"@context":"https:\/\/schema.org","@graph":[{"@type":"WebPage","@id":"https:\/\/insa.network\/our-members\/","url":"https:\/\/insa.network\/our-members\/","name":"Unsere Mitglieder - INSA Network","isPartOf":{"@id":"https:\/\/insa.network\/#website"},"primaryImageOfPage":{"@id":"https:\/\/insa.network\/our-members\/#primaryimage"},"image":{"@id":"https:\/\/insa.network\/our-members\/#primaryimage"},"thumbnailUrl":"https:\/\/insa.network\/cms\/wp-content\/uploads\/2024\/06\/Our-Members.png","datePublished":"2024-01-24T19:41:30+00:00","dateModified":"2025-09-24T12:22:20+00:00","description":"Besuchen Sie diese Seite, um eine Liste unserer aktuellen Mitglieder anzuzeigen.","breadcrumb":{"@id":"https:\/\/insa.network\/our-members\/#breadcrumb"},"inLanguage":"de-DE","potentialAction":[{"@type":"ReadAction","target":["https:\/\/insa.network\/our-members\/"]}]},{"@type":"ImageObject","inLanguage":"de-DE","@id":"https:\/\/insa.network\/our-members\/#primaryimage","url":"https:\/\/insa.network\/cms\/wp-content\/uploads\/2024\/06\/Our-Members.png","contentUrl":"https:\/\/insa.network\/cms\/wp-content\/uploads\/2024\/06\/Our-Members.png"},{"@type":"BreadcrumbList","@id":"https:\/\/insa.network\/our-members\/#breadcrumb","itemListElement":[{"@type":"ListItem","position":1,"name":"Home","item":"https:\/\/insa.network\/"},{"@type":"ListItem","position":2,"name":"Unsere Mitglieder"}]},{"@type":"WebSite","@id":"https:\/\/insa.network\/#website","url":"https:\/\/insa.network\/","name":"Insa Network","description":"","publisher":{"@id":"https:\/\/insa.network\/#organization"},"potentialAction":[{"@type":"SearchAction","target":{"@type":"EntryPoint","urlTemplate":"https:\/\/insa.network\/?s={search_term_string}"},"query-input":{"@type":"PropertyValueSpecification","valueRequired":true,"valueName":"search_term_string"}}],"inLanguage":"de-DE"},{"@type":"Organization","@id":"https:\/\/insa.network\/#organization","name":"Insa Network","url":"https:\/\/insa.network\/","logo":{"@type":"ImageObject","inLanguage":"de-DE","@id":"https:\/\/insa.network\/#\/schema\/logo\/image\/","url":"https:\/\/insa.network\/cms\/wp-content\/uploads\/2024\/01\/kompas-logo2-klein2.webp","contentUrl":"https:\/\/insa.network\/cms\/wp-content\/uploads\/2024\/01\/kompas-logo2-klein2.webp","width":136,"height":75,"caption":"Insa Network"},"image":{"@id":"https:\/\/insa.network\/#\/schema\/logo\/image\/"},"sameAs":["https:\/\/www.linkedin.com\/company\/international-network-for-school-attendance\/"]}]}},"_links":{"self":[{"href":"https:\/\/insa.network\/de\/wp-json\/wp\/v2\/pages\/5952","targetHints":{"allow":["GET"]}}],"collection":[{"href":"https:\/\/insa.network\/de\/wp-json\/wp\/v2\/pages"}],"about":[{"href":"https:\/\/insa.network\/de\/wp-json\/wp\/v2\/types\/page"}],"author":[{"embeddable":true,"href":"https:\/\/insa.network\/de\/wp-json\/wp\/v2\/users\/1"}],"replies":[{"embeddable":true,"href":"https:\/\/insa.network\/de\/wp-json\/wp\/v2\/comments?post=5952"}],"version-history":[{"count":1,"href":"https:\/\/insa.network\/de\/wp-json\/wp\/v2\/pages\/5952\/revisions"}],"predecessor-version":[{"id":6463,"href":"https:\/\/insa.network\/de\/wp-json\/wp\/v2\/pages\/5952\/revisions\/6463"}],"wp:attachment":[{"href":"https:\/\/insa.network\/de\/wp-json\/wp\/v2\/media?parent=5952"}],"curies":[{"name":"wp","href":"https:\/\/api.w.org\/{rel}","templated":true}]}}