{"id":5788,"date":"2024-10-03T05:14:22","date_gmt":"2024-10-02T18:14:22","guid":{"rendered":"https:\/\/insa.network\/dev\/mitglieder-konferenzen\/"},"modified":"2025-09-24T23:23:00","modified_gmt":"2025-09-24T12:23:00","slug":"mitglieder-konferenzen","status":"publish","type":"page","link":"https:\/\/insa.network\/de\/mitglieder-konferenzen\/","title":{"rendered":"Mitglieder-Konferenzen"},"content":{"rendered":"\t\t<div data-elementor-type=\"wp-page\" data-elementor-id=\"5788\" class=\"elementor elementor-5788 elementor-3648\" data-elementor-post-type=\"page\">\n\t\t\t\t<div class=\"elementor-element elementor-element-abf710f e-con-full e-flex e-con e-parent\" data-id=\"abf710f\" data-element_type=\"container\">\n\t\t<div class=\"elementor-element elementor-element-60daad5 e-con-full e-flex e-con e-child\" data-id=\"60daad5\" data-element_type=\"container\" data-settings=\"{&quot;background_background&quot;:&quot;classic&quot;}\">\n\t\t\t\t<div class=\"elementor-element elementor-element-85a6f3c elementor-position-top elementor-widget elementor-widget-image-box\" data-id=\"85a6f3c\" data-element_type=\"widget\" data-widget_type=\"image-box.default\">\n\t\t\t\t<div class=\"elementor-widget-container\">\n\t\t\t\t\t<div class=\"elementor-image-box-wrapper\"><figure class=\"elementor-image-box-img\"><img decoding=\"async\" src=\"https:\/\/insa.network\/dev\/wp-content\/uploads\/2022\/06\/Conference-2022.png\" title=\"\" alt=\"\" loading=\"lazy\" \/><\/figure><div class=\"elementor-image-box-content\"><h3 class=\"elementor-image-box-title\">Konferenz 2022<\/h3><p class=\"elementor-image-box-description\">Unsere Konferenz 2022 fand im Oktober 2022 in den Niederlanden statt. Das Thema der Konferenz lautete \"Wellen schlagen, um den Schulbesuch zu f\u00f6rdern\". <\/p><\/div><\/div>\t\t\t\t<\/div>\n\t\t\t\t<\/div>\n\t\t\t\t<div class=\"elementor-element elementor-element-11e474a elementor-align-center elementor-widget elementor-widget-button\" data-id=\"11e474a\" data-element_type=\"widget\" data-widget_type=\"button.default\">\n\t\t\t\t<div class=\"elementor-widget-container\">\n\t\t\t\t\t\t\t\t\t<div class=\"elementor-button-wrapper\">\n\t\t\t\t\t<a class=\"elementor-button elementor-button-link elementor-size-sm\" href=\"https:\/\/insa.network\/de\/mitglieder-konferenz-2022\/\" target=\"_blank\">\n\t\t\t\t\t\t<span class=\"elementor-button-content-wrapper\">\n\t\t\t\t\t\t<span class=\"elementor-button-icon\">\n\t\t\t\t<svg aria-hidden=\"true\" class=\"e-font-icon-svg e-far-arrow-alt-circle-right\" viewBox=\"0 0 512 512\" xmlns=\"http:\/\/www.w3.org\/2000\/svg\"><path d=\"M504 256C504 119 393 8 256 8S8 119 8 256s111 248 248 248 248-111 248-248zm-448 0c0-110.5 89.5-200 200-200s200 89.5 200 200-89.5 200-200 200S56 366.5 56 256zm72 20v-40c0-6.6 5.4-12 12-12h116v-67c0-10.7 12.9-16 20.5-8.5l99 99c4.7 4.7 4.7 12.3 0 17l-99 99c-7.6 7.6-20.5 2.2-20.5-8.5v-67H140c-6.6 0-12-5.4-12-12z\"><\/path><\/svg>\t\t\t<\/span>\n\t\t\t\t\t\t\t\t\t<span class=\"elementor-button-text\">Hier ansehen<\/span>\n\t\t\t\t\t<\/span>\n\t\t\t\t\t<\/a>\n\t\t\t\t<\/div>\n\t\t\t\t\t\t\t\t<\/div>\n\t\t\t\t<\/div>\n\t\t\t\t<\/div>\n\t\t<div class=\"elementor-element elementor-element-3f9a356 e-con-full e-flex e-con e-child\" data-id=\"3f9a356\" data-element_type=\"container\">\n\t\t\t\t<div class=\"elementor-element elementor-element-a4b1f95 elementor-position-top elementor-widget elementor-widget-image-box\" data-id=\"a4b1f95\" data-element_type=\"widget\" data-widget_type=\"image-box.default\">\n\t\t\t\t<div class=\"elementor-widget-container\">\n\t\t\t\t\t<div class=\"elementor-image-box-wrapper\"><figure class=\"elementor-image-box-img\"><img decoding=\"async\" src=\"https:\/\/insa.network\/dev\/wp-content\/uploads\/2021\/06\/Conference-2021.png\" title=\"\" alt=\"\" loading=\"lazy\" \/><\/figure><div class=\"elementor-image-box-content\"><h3 class=\"elementor-image-box-title\">Konferenz 2021<\/h3><p class=\"elementor-image-box-description\">Unsere Konferenz 2021 fand am 13. und 14. Oktober 2021 statt und wurde online von Melbourne, Australien, aus gehostet. Die Konferenz war eine interdisziplin\u00e4re Veranstaltung, die Praktiker, Anw\u00e4lte, Forscher, Akademiker, P\u00e4dagogen und andere Interessengruppen aus einer Reihe von Bereichen zusammenbrachte, darunter P\u00e4dagogik, Psychologie, Soziologie, Sozialarbeit, Jugendstrafrecht, Psychiatrie und Politik. <\/p><\/div><\/div>\t\t\t\t<\/div>\n\t\t\t\t<\/div>\n\t\t\t\t<div class=\"elementor-element elementor-element-f4d6361 elementor-align-center elementor-widget elementor-widget-button\" data-id=\"f4d6361\" data-element_type=\"widget\" data-widget_type=\"button.default\">\n\t\t\t\t<div class=\"elementor-widget-container\">\n\t\t\t\t\t\t\t\t\t<div class=\"elementor-button-wrapper\">\n\t\t\t\t\t<a class=\"elementor-button elementor-button-link elementor-size-sm\" href=\"https:\/\/insa.network\/de\/mitglieder-konferenz-2021\/\" target=\"_blank\">\n\t\t\t\t\t\t<span class=\"elementor-button-content-wrapper\">\n\t\t\t\t\t\t<span class=\"elementor-button-icon\">\n\t\t\t\t<svg aria-hidden=\"true\" class=\"e-font-icon-svg e-far-arrow-alt-circle-right\" viewBox=\"0 0 512 512\" xmlns=\"http:\/\/www.w3.org\/2000\/svg\"><path d=\"M504 256C504 119 393 8 256 8S8 119 8 256s111 248 248 248 248-111 248-248zm-448 0c0-110.5 89.5-200 200-200s200 89.5 200 200-89.5 200-200 200S56 366.5 56 256zm72 20v-40c0-6.6 5.4-12 12-12h116v-67c0-10.7 12.9-16 20.5-8.5l99 99c4.7 4.7 4.7 12.3 0 17l-99 99c-7.6 7.6-20.5 2.2-20.5-8.5v-67H140c-6.6 0-12-5.4-12-12z\"><\/path><\/svg>\t\t\t<\/span>\n\t\t\t\t\t\t\t\t\t<span class=\"elementor-button-text\">Hier ansehen<\/span>\n\t\t\t\t\t<\/span>\n\t\t\t\t\t<\/a>\n\t\t\t\t<\/div>\n\t\t\t\t\t\t\t\t<\/div>\n\t\t\t\t<\/div>\n\t\t\t\t<\/div>\n\t\t<div class=\"elementor-element elementor-element-1899aaf e-con-full e-flex e-con e-child\" data-id=\"1899aaf\" data-element_type=\"container\" data-settings=\"{&quot;background_background&quot;:&quot;classic&quot;}\">\n\t\t\t\t<div class=\"elementor-element elementor-element-bfe4a7d elementor-position-top elementor-widget elementor-widget-image-box\" data-id=\"bfe4a7d\" data-element_type=\"widget\" data-widget_type=\"image-box.default\">\n\t\t\t\t<div class=\"elementor-widget-container\">\n\t\t\t\t\t<div class=\"elementor-image-box-wrapper\"><figure class=\"elementor-image-box-img\"><img decoding=\"async\" src=\"https:\/\/insa.network\/dev\/wp-content\/uploads\/2024\/01\/business-discussion.webp\" title=\"\" alt=\"\" loading=\"lazy\" \/><\/figure><div class=\"elementor-image-box-content\"><h3 class=\"elementor-image-box-title\">Konferenz 2019<\/h3><p class=\"elementor-image-box-description\">Die erste INSA-Konferenz fand vom 16. bis 18. Oktober 2019 in Oslo, Norwegen, statt.  <\/p><\/div><\/div>\t\t\t\t<\/div>\n\t\t\t\t<\/div>\n\t\t\t\t<div class=\"elementor-element elementor-element-c299731 elementor-align-center elementor-widget elementor-widget-button\" data-id=\"c299731\" data-element_type=\"widget\" data-widget_type=\"button.default\">\n\t\t\t\t<div class=\"elementor-widget-container\">\n\t\t\t\t\t\t\t\t\t<div class=\"elementor-button-wrapper\">\n\t\t\t\t\t<a class=\"elementor-button elementor-button-link elementor-size-sm\" href=\"https:\/\/insa.network\/de\/mitglieder-konferenz-2019\/\" target=\"_blank\">\n\t\t\t\t\t\t<span class=\"elementor-button-content-wrapper\">\n\t\t\t\t\t\t<span class=\"elementor-button-icon\">\n\t\t\t\t<svg aria-hidden=\"true\" class=\"e-font-icon-svg e-far-arrow-alt-circle-right\" viewBox=\"0 0 512 512\" xmlns=\"http:\/\/www.w3.org\/2000\/svg\"><path d=\"M504 256C504 119 393 8 256 8S8 119 8 256s111 248 248 248 248-111 248-248zm-448 0c0-110.5 89.5-200 200-200s200 89.5 200 200-89.5 200-200 200S56 366.5 56 256zm72 20v-40c0-6.6 5.4-12 12-12h116v-67c0-10.7 12.9-16 20.5-8.5l99 99c4.7 4.7 4.7 12.3 0 17l-99 99c-7.6 7.6-20.5 2.2-20.5-8.5v-67H140c-6.6 0-12-5.4-12-12z\"><\/path><\/svg>\t\t\t<\/span>\n\t\t\t\t\t\t\t\t\t<span class=\"elementor-button-text\">Hier ansehen<\/span>\n\t\t\t\t\t<\/span>\n\t\t\t\t\t<\/a>\n\t\t\t\t<\/div>\n\t\t\t\t\t\t\t\t<\/div>\n\t\t\t\t<\/div>\n\t\t\t\t<\/div>\n\t\t\t\t<\/div>\n\t\t\t\t<\/div>\n\t\t","protected":false},"excerpt":{"rendered":"<p>Konferenz 2022 Unsere Konferenz 2022 fand im Oktober 2022 in den Niederlanden statt. Das Thema der Konferenz lautete &#8220;Wellen schlagen, um den Schulbesuch zu f\u00f6rdern&#8221;. Hier ansehen Konferenz 2021 Unsere Konferenz 2021 fand am 13. und 14. Oktober 2021 statt und wurde online von Melbourne, Australien, aus gehostet. Die Konferenz war eine interdisziplin\u00e4re Veranstaltung, die [&hellip;]<\/p>\n","protected":false},"author":1,"featured_media":0,"parent":0,"menu_order":0,"comment_status":"closed","ping_status":"closed","template":"elementor_header_footer","meta":{"_acf_changed":false,"pmpro_default_level":"","footnotes":""},"class_list":["post-5788","page","type-page","status-publish","hentry","pmpro-has-access"],"acf":[],"yoast_head":"<!-- This site is optimized with the Yoast SEO plugin v26.9 - https:\/\/yoast.com\/product\/yoast-seo-wordpress\/ -->\n<title>Mitglieder-Konferenzen - INSA Network<\/title>\n<meta name=\"robots\" content=\"noindex, nofollow\" \/>\n<meta property=\"og:locale\" content=\"de_DE\" \/>\n<meta property=\"og:type\" content=\"article\" \/>\n<meta property=\"og:title\" content=\"Mitglieder-Konferenzen - INSA Network\" \/>\n<meta property=\"og:description\" content=\"Konferenz 2022 Unsere Konferenz 2022 fand im Oktober 2022 in den Niederlanden statt. Das Thema der Konferenz lautete &#8220;Wellen schlagen, um den Schulbesuch zu f\u00f6rdern&#8221;. Hier ansehen Konferenz 2021 Unsere Konferenz 2021 fand am 13. und 14. Oktober 2021 statt und wurde online von Melbourne, Australien, aus gehostet. Die Konferenz war eine interdisziplin\u00e4re Veranstaltung, die [&hellip;]\" \/>\n<meta property=\"og:url\" content=\"https:\/\/insa.network\/member-conferences\/\" \/>\n<meta property=\"og:site_name\" content=\"INSA Network\" \/>\n<meta property=\"article:modified_time\" content=\"2025-09-24T12:23:00+00:00\" \/>\n<meta property=\"og:image\" content=\"https:\/\/insa.network\/cms\/wp-content\/uploads\/2022\/06\/Conference-2022.png\" \/>\n<meta name=\"twitter:card\" content=\"summary_large_image\" \/>\n<script type=\"application\/ld+json\" class=\"yoast-schema-graph\">{\"@context\":\"https:\/\/schema.org\",\"@graph\":[{\"@type\":\"WebPage\",\"@id\":\"https:\/\/insa.network\/member-conferences\/\",\"url\":\"https:\/\/insa.network\/member-conferences\/\",\"name\":\"Mitglieder-Konferenzen - INSA Network\",\"isPartOf\":{\"@id\":\"https:\/\/insa.network\/#website\"},\"primaryImageOfPage\":{\"@id\":\"https:\/\/insa.network\/member-conferences\/#primaryimage\"},\"image\":{\"@id\":\"https:\/\/insa.network\/member-conferences\/#primaryimage\"},\"thumbnailUrl\":\"https:\/\/insa.network\/cms\/wp-content\/uploads\/2022\/06\/Conference-2022.png\",\"datePublished\":\"2024-10-02T18:14:22+00:00\",\"dateModified\":\"2025-09-24T12:23:00+00:00\",\"breadcrumb\":{\"@id\":\"https:\/\/insa.network\/member-conferences\/#breadcrumb\"},\"inLanguage\":\"de-DE\",\"potentialAction\":[{\"@type\":\"ReadAction\",\"target\":[\"https:\/\/insa.network\/member-conferences\/\"]}]},{\"@type\":\"ImageObject\",\"inLanguage\":\"de-DE\",\"@id\":\"https:\/\/insa.network\/member-conferences\/#primaryimage\",\"url\":\"https:\/\/insa.network\/cms\/wp-content\/uploads\/2022\/06\/Conference-2022.png\",\"contentUrl\":\"https:\/\/insa.network\/cms\/wp-content\/uploads\/2022\/06\/Conference-2022.png\"},{\"@type\":\"BreadcrumbList\",\"@id\":\"https:\/\/insa.network\/member-conferences\/#breadcrumb\",\"itemListElement\":[{\"@type\":\"ListItem\",\"position\":1,\"name\":\"Home\",\"item\":\"https:\/\/insa.network\/\"},{\"@type\":\"ListItem\",\"position\":2,\"name\":\"Mitglieder-Konferenzen\"}]},{\"@type\":\"WebSite\",\"@id\":\"https:\/\/insa.network\/#website\",\"url\":\"https:\/\/insa.network\/\",\"name\":\"Insa Network\",\"description\":\"\",\"publisher\":{\"@id\":\"https:\/\/insa.network\/#organization\"},\"potentialAction\":[{\"@type\":\"SearchAction\",\"target\":{\"@type\":\"EntryPoint\",\"urlTemplate\":\"https:\/\/insa.network\/?s={search_term_string}\"},\"query-input\":{\"@type\":\"PropertyValueSpecification\",\"valueRequired\":true,\"valueName\":\"search_term_string\"}}],\"inLanguage\":\"de-DE\"},{\"@type\":\"Organization\",\"@id\":\"https:\/\/insa.network\/#organization\",\"name\":\"Insa Network\",\"url\":\"https:\/\/insa.network\/\",\"logo\":{\"@type\":\"ImageObject\",\"inLanguage\":\"de-DE\",\"@id\":\"https:\/\/insa.network\/#\/schema\/logo\/image\/\",\"url\":\"https:\/\/insa.network\/cms\/wp-content\/uploads\/2024\/01\/kompas-logo2-klein2.webp\",\"contentUrl\":\"https:\/\/insa.network\/cms\/wp-content\/uploads\/2024\/01\/kompas-logo2-klein2.webp\",\"width\":136,\"height\":75,\"caption\":\"Insa Network\"},\"image\":{\"@id\":\"https:\/\/insa.network\/#\/schema\/logo\/image\/\"},\"sameAs\":[\"https:\/\/www.linkedin.com\/company\/international-network-for-school-attendance\/\"]}]}<\/script>\n<!-- \/ Yoast SEO plugin. -->","yoast_head_json":{"title":"Mitglieder-Konferenzen - INSA Network","robots":{"index":"noindex","follow":"nofollow"},"og_locale":"de_DE","og_type":"article","og_title":"Mitglieder-Konferenzen - INSA Network","og_description":"Konferenz 2022 Unsere Konferenz 2022 fand im Oktober 2022 in den Niederlanden statt. Das Thema der Konferenz lautete &#8220;Wellen schlagen, um den Schulbesuch zu f\u00f6rdern&#8221;. Hier ansehen Konferenz 2021 Unsere Konferenz 2021 fand am 13. und 14. Oktober 2021 statt und wurde online von Melbourne, Australien, aus gehostet. Die Konferenz war eine interdisziplin\u00e4re Veranstaltung, die [&hellip;]","og_url":"https:\/\/insa.network\/member-conferences\/","og_site_name":"INSA Network","article_modified_time":"2025-09-24T12:23:00+00:00","og_image":[{"url":"https:\/\/insa.network\/cms\/wp-content\/uploads\/2022\/06\/Conference-2022.png","type":"","width":"","height":""}],"twitter_card":"summary_large_image","schema":{"@context":"https:\/\/schema.org","@graph":[{"@type":"WebPage","@id":"https:\/\/insa.network\/member-conferences\/","url":"https:\/\/insa.network\/member-conferences\/","name":"Mitglieder-Konferenzen - INSA Network","isPartOf":{"@id":"https:\/\/insa.network\/#website"},"primaryImageOfPage":{"@id":"https:\/\/insa.network\/member-conferences\/#primaryimage"},"image":{"@id":"https:\/\/insa.network\/member-conferences\/#primaryimage"},"thumbnailUrl":"https:\/\/insa.network\/cms\/wp-content\/uploads\/2022\/06\/Conference-2022.png","datePublished":"2024-10-02T18:14:22+00:00","dateModified":"2025-09-24T12:23:00+00:00","breadcrumb":{"@id":"https:\/\/insa.network\/member-conferences\/#breadcrumb"},"inLanguage":"de-DE","potentialAction":[{"@type":"ReadAction","target":["https:\/\/insa.network\/member-conferences\/"]}]},{"@type":"ImageObject","inLanguage":"de-DE","@id":"https:\/\/insa.network\/member-conferences\/#primaryimage","url":"https:\/\/insa.network\/cms\/wp-content\/uploads\/2022\/06\/Conference-2022.png","contentUrl":"https:\/\/insa.network\/cms\/wp-content\/uploads\/2022\/06\/Conference-2022.png"},{"@type":"BreadcrumbList","@id":"https:\/\/insa.network\/member-conferences\/#breadcrumb","itemListElement":[{"@type":"ListItem","position":1,"name":"Home","item":"https:\/\/insa.network\/"},{"@type":"ListItem","position":2,"name":"Mitglieder-Konferenzen"}]},{"@type":"WebSite","@id":"https:\/\/insa.network\/#website","url":"https:\/\/insa.network\/","name":"Insa Network","description":"","publisher":{"@id":"https:\/\/insa.network\/#organization"},"potentialAction":[{"@type":"SearchAction","target":{"@type":"EntryPoint","urlTemplate":"https:\/\/insa.network\/?s={search_term_string}"},"query-input":{"@type":"PropertyValueSpecification","valueRequired":true,"valueName":"search_term_string"}}],"inLanguage":"de-DE"},{"@type":"Organization","@id":"https:\/\/insa.network\/#organization","name":"Insa Network","url":"https:\/\/insa.network\/","logo":{"@type":"ImageObject","inLanguage":"de-DE","@id":"https:\/\/insa.network\/#\/schema\/logo\/image\/","url":"https:\/\/insa.network\/cms\/wp-content\/uploads\/2024\/01\/kompas-logo2-klein2.webp","contentUrl":"https:\/\/insa.network\/cms\/wp-content\/uploads\/2024\/01\/kompas-logo2-klein2.webp","width":136,"height":75,"caption":"Insa Network"},"image":{"@id":"https:\/\/insa.network\/#\/schema\/logo\/image\/"},"sameAs":["https:\/\/www.linkedin.com\/company\/international-network-for-school-attendance\/"]}]}},"_links":{"self":[{"href":"https:\/\/insa.network\/de\/wp-json\/wp\/v2\/pages\/5788","targetHints":{"allow":["GET"]}}],"collection":[{"href":"https:\/\/insa.network\/de\/wp-json\/wp\/v2\/pages"}],"about":[{"href":"https:\/\/insa.network\/de\/wp-json\/wp\/v2\/types\/page"}],"author":[{"embeddable":true,"href":"https:\/\/insa.network\/de\/wp-json\/wp\/v2\/users\/1"}],"replies":[{"embeddable":true,"href":"https:\/\/insa.network\/de\/wp-json\/wp\/v2\/comments?post=5788"}],"version-history":[{"count":1,"href":"https:\/\/insa.network\/de\/wp-json\/wp\/v2\/pages\/5788\/revisions"}],"predecessor-version":[{"id":6531,"href":"https:\/\/insa.network\/de\/wp-json\/wp\/v2\/pages\/5788\/revisions\/6531"}],"wp:attachment":[{"href":"https:\/\/insa.network\/de\/wp-json\/wp\/v2\/media?parent=5788"}],"curies":[{"name":"wp","href":"https:\/\/api.w.org\/{rel}","templated":true}]}}